{"id":1376,"date":"2018-04-03T08:37:23","date_gmt":"2018-04-03T12:37:23","guid":{"rendered":"https:\/\/www.pillarstrust.org\/accueil\/"},"modified":"2023-10-13T08:49:12","modified_gmt":"2023-10-13T12:49:12","slug":"accueil","status":"publish","type":"page","link":"https:\/\/www.pillarstrust.org\/fr\/","title":{"rendered":"Accueil"},"content":{"rendered":"<p>[vc_row css_animation=\u00a0\u00bb\u00a0\u00bb row_type=\u00a0\u00bbrow\u00a0\u00bb use_row_as_full_screen_section=\u00a0\u00bbno\u00a0\u00bb type=\u00a0\u00bbfull_width\u00a0\u00bb angled_section=\u00a0\u00bbno\u00a0\u00bb text_align=\u00a0\u00bbleft\u00a0\u00bb background_image_as_pattern=\u00a0\u00bbwithout_pattern\u00a0\u00bb][vc_column][rev_slider_vc alias=\u00a0\u00bbhome-1&Prime;][\/vc_column][\/vc_row][vc_row css_animation=\u00a0\u00bb\u00a0\u00bb row_type=\u00a0\u00bbrow\u00a0\u00bb use_row_as_full_screen_section=\u00a0\u00bbno\u00a0\u00bb type=\u00a0\u00bbgrid\u00a0\u00bb angled_section=\u00a0\u00bbno\u00a0\u00bb text_align=\u00a0\u00bbcenter\u00a0\u00bb background_image_as_pattern=\u00a0\u00bbwithout_pattern\u00a0\u00bb z_index=\u00a0\u00bb\u00a0\u00bb css=\u00a0\u00bb.vc_custom_1522747985035{padding-top: 120px !important;background-color: #f9fbf7 !important;}\u00a0\u00bb][vc_column][vc_column_text]<\/p>\n<h1>Le Fonds d\u2019affectation sp\u00e9ciale des piliers<\/h1>\n<p>[\/vc_column_text][vc_empty_space][vc_column_text]<\/p>\n<h3 style=\"text-align: center;\">Promouvoir la force au sein de nos<br \/>\ncommunaut\u00e9s catholiques locales et des actions qui soutiennent et augmentent la vitalit\u00e9 dans toutes nos paroisses<\/h3>\n<p>[\/vc_column_text][vc_empty_space height=\u00a0\u00bb105px\u00a0\u00bb][\/vc_column][\/vc_row][vc_row css_animation=\u00a0\u00bb\u00a0\u00bb row_type=\u00a0\u00bbrow\u00a0\u00bb use_row_as_full_screen_section=\u00a0\u00bbno\u00a0\u00bb type=\u00a0\u00bbfull_width\u00a0\u00bb angled_section=\u00a0\u00bbno\u00a0\u00bb text_align=\u00a0\u00bbleft\u00a0\u00bb background_image_as_pattern=\u00a0\u00bbwithout_pattern\u00a0\u00bb][vc_column][vc_row_inner row_type=\u00a0\u00bbrow\u00a0\u00bb type=\u00a0\u00bbgrid\u00a0\u00bb text_align=\u00a0\u00bbleft\u00a0\u00bb css_animation=\u00a0\u00bb\u00a0\u00bb css=\u00a0\u00bb.vc_custom_1522830081699{padding-bottom: 50px !important;background-color: #f9fbf7 !important;}\u00a0\u00bb][vc_column_inner offset=\u00a0\u00bbvc_col-lg-offset-0 vc_col-lg-4 vc_col-md-offset-0 vc_col-md-4 vc_col-sm-offset-0 vc_col-xs-12&Prime;][vc_single_image image=\u00a0\u00bb1283&Prime; img_size=\u00a0\u00bbfull\u00a0\u00bb onclick=\u00a0\u00bbcustom_link\u00a0\u00bb qode_css_animation=\u00a0\u00bb\u00a0\u00bb link=\u00a0\u00bb\/?p=128&Prime;][qode_elements_holder background_color=\u00a0\u00bb#ffffff\u00a0\u00bb number_of_columns=\u00a0\u00bbone_column\u00a0\u00bb][qode_elements_holder_item advanced_animations=\u00a0\u00bbno\u00a0\u00bb item_padding=\u00a0\u00bb40px 33px 28px 33px\u00a0\u00bb][vc_column_text]<\/p>\n<h2 style=\"text-align: center;\"><a href=\"https:\/\/www.pillarstrust.org\/fr\/a-propos\/\">\u00c0 propos<\/a><\/h2>\n<p>[\/vc_column_text][vc_empty_space height=\u00a0\u00bb24px\u00a0\u00bb][vc_column_text]Depuis 50 ans, le Pillars Trust Fund et son conseil d\u2019administration b\u00e9n\u00e9vole ont amass\u00e9 les fonds n\u00e9cessaires pour soutenir la croissance et le maintien de la communaut\u00e9 catholique anglophone de Montr\u00e9al. Nous vous invitons \u00e0 en savoir plus sur nous.[\/vc_column_text][vc_empty_space height=\u00a0\u00bb12px\u00a0\u00bb]<a  itemprop=\"url\" href=\"\/fr\/a-propos\/\" target=\"_self\" data-hover-color='#171717' class=\"qbutton  default\" style=\"color: #86af49; \">Lire la suite<\/a>[\/qode_elements_holder_item][\/qode_elements_holder][vc_empty_space height=\u00a0\u00bb80px\u00a0\u00bb][\/vc_column_inner][vc_column_inner offset=\u00a0\u00bbvc_col-lg-offset-0 vc_col-lg-4 vc_col-md-offset-0 vc_col-md-4 vc_col-sm-offset-0 vc_col-xs-12&Prime;][vc_single_image image=\u00a0\u00bb1282&Prime; img_size=\u00a0\u00bbfull\u00a0\u00bb onclick=\u00a0\u00bbcustom_link\u00a0\u00bb qode_css_animation=\u00a0\u00bb\u00a0\u00bb link=\u00a0\u00bb\/?p=260&Prime;][qode_elements_holder number_of_columns=\u00a0\u00bbone_column\u00a0\u00bb][qode_elements_holder_item advanced_animations=\u00a0\u00bbno\u00a0\u00bb background_color=\u00a0\u00bb#ffffff\u00a0\u00bb item_padding=\u00a0\u00bb40px 33px 28px 33px\u00a0\u00bb][vc_column_text]<\/p>\n<h2 style=\"text-align: center;\"><a href=\"https:\/\/www.pillarstrust.org\/fr\/nos-beneficiaires\/\">Nos b\u00e9n\u00e9ficiaires<\/a><\/h2>\n<p>[\/vc_column_text][vc_empty_space height=\u00a0\u00bb24px\u00a0\u00bb][vc_column_text]Le soutien aux pr\u00eatres, l\u2019\u00e9ducation des jeunes et des adultes au niveau paroissial sont les services de base soutenus depuis 1972. De nombreuses autres initiatives ont \u00e9t\u00e9 ajout\u00e9es depuis.[\/vc_column_text][vc_empty_space height=\u00a0\u00bb12px\u00a0\u00bb]<a  itemprop=\"url\" href=\"\/fr\/nos-beneficiaires\/\" target=\"_self\" data-hover-color='#171717' class=\"qbutton  default\" style=\"color: #86af49; \">Lire la suite<\/a>[\/qode_elements_holder_item][\/qode_elements_holder][vc_empty_space height=\u00a0\u00bb80px\u00a0\u00bb][\/vc_column_inner][vc_column_inner offset=\u00a0\u00bbvc_col-lg-offset-0 vc_col-lg-4 vc_col-md-offset-0 vc_col-md-4 vc_col-sm-offset-0 vc_col-xs-12&Prime;][vc_single_image image=\u00a0\u00bb1281&Prime; img_size=\u00a0\u00bbfull\u00a0\u00bb onclick=\u00a0\u00bbcustom_link\u00a0\u00bb qode_css_animation=\u00a0\u00bb\u00a0\u00bb link=\u00a0\u00bb\/?p=265&Prime;][qode_elements_holder background_color=\u00a0\u00bb#ffffff\u00a0\u00bb number_of_columns=\u00a0\u00bbone_column\u00a0\u00bb][qode_elements_holder_item advanced_animations=\u00a0\u00bbno\u00a0\u00bb item_padding=\u00a0\u00bb40px 33px 28px 33px\u00a0\u00bb][vc_column_text]<\/p>\n<h2 style=\"text-align: center;\"><a href=\"https:\/\/www.pillarstrust.org\/fr\/faire-un-don\/facons-de-donner\/\">Faire un don<\/a><\/h2>\n<p>[\/vc_column_text][vc_empty_space height=\u00a0\u00bb24px\u00a0\u00bb][vc_column_text]Gr\u00e2ce \u00e0 de g\u00e9n\u00e9reux dons de la communaut\u00e9, le Pillars Trust Fund a contribu\u00e9 \u00e0 des initiatives telles que la Conf\u00e9rence sur la vitalit\u00e9 paroissiale, les sondages Gallup dans les paroisses et la participation des jeunes \u00e0 Steubenville. S\u2019il vous pla\u00eet faire un don g\u00e9n\u00e9reux pour continuer ce soutien[\/vc_column_text][vc_empty_space height=\u00a0\u00bb12px\u00a0\u00bb]<a  itemprop=\"url\" href=\"\/fr\/faire-un-don\/facons-de-donner\/\" target=\"_self\" data-hover-color='#171717' class=\"qbutton  default\" style=\"color: #86af49; \">Lire la suite<\/a>[\/qode_elements_holder_item][\/qode_elements_holder][vc_empty_space height=\u00a0\u00bb80px\u00a0\u00bb][\/vc_column_inner][\/vc_row_inner][\/vc_column][\/vc_row][vc_row row_type=\u00a0\u00bbparallax\u00a0\u00bb parallax_content_width=\u00a0\u00bbin_grid\u00a0\u00bb text_align=\u00a0\u00bbleft\u00a0\u00bb full_screen_section_height=\u00a0\u00bbno\u00a0\u00bb background_image=\u00a0\u00bb292&Prime; css=\u00a0\u00bb.vc_custom_1539956610342{padding-top: 100px !important;padding-bottom: 100px !important;}\u00a0\u00bb][vc_column][qode_elements_holder number_of_columns=\u00a0\u00bbone_column\u00a0\u00bb][qode_elements_holder_item advanced_animations=\u00a0\u00bbno\u00a0\u00bb item_padding=\u00a0\u00bb150px 156px 150px 156px\u00a0\u00bb item_padding_600_768=\u00a0\u00bb150px 35px 150px 35px\u00a0\u00bb item_padding_480_600=\u00a0\u00bb0px 5px 0px 5px\u00a0\u00bb item_padding_480=\u00a0\u00bb50px 5px 50px 5px\u00a0\u00bb][\/qode_elements_holder_item][\/qode_elements_holder][\/vc_column][\/vc_row]<\/p>\n","protected":false},"excerpt":{"rendered":"<p>[vc_row css_animation=\u00a0\u00bb\u00a0\u00bb row_type=\u00a0\u00bbrow\u00a0\u00bb use_row_as_full_screen_section=\u00a0\u00bbno\u00a0\u00bb type=\u00a0\u00bbfull_width\u00a0\u00bb angled_section=\u00a0\u00bbno\u00a0\u00bb text_align=\u00a0\u00bbleft\u00a0\u00bb background_image_as_pattern=\u00a0\u00bbwithout_pattern\u00a0\u00bb][vc_column][rev_slider_vc alias=\u00a0\u00bbhome-1&Prime;][\/vc_column][\/vc_row][vc_row css_animation=\u00a0\u00bb\u00a0\u00bb row_type=\u00a0\u00bbrow\u00a0\u00bb use_row_as_full_screen_section=\u00a0\u00bbno\u00a0\u00bb type=\u00a0\u00bbgrid\u00a0\u00bb angled_section=\u00a0\u00bbno\u00a0\u00bb text_align=\u00a0\u00bbcenter\u00a0\u00bb background_image_as_pattern=\u00a0\u00bbwithout_pattern\u00a0\u00bb z_index=\u00a0\u00bb\u00a0\u00bb css=\u00a0\u00bb.vc_custom_1522747985035{padding-top: 120px !important;background-color: #f9fbf7 !important;}\u00a0\u00bb][vc_column][vc_column_text] Le Fonds d\u2019affectation sp\u00e9ciale des piliers [\/vc_column_text][vc_empty_space][vc_column_text] Promouvoir la force au sein de nos communaut\u00e9s catholiques locales et des actions qui soutiennent et&#8230;<\/p>\n","protected":false},"author":2,"featured_media":0,"parent":0,"menu_order":0,"comment_status":"closed","ping_status":"closed","template":"full_width.php","meta":{"footnotes":""},"class_list":["post-1376","page","type-page","status-publish","hentry"],"yoast_head":"<!-- This site is optimized with the Yoast SEO plugin v27.4 - https:\/\/yoast.com\/product\/yoast-seo-wordpress\/ -->\n<title>Accueil - The Pillars Trust Fund<\/title>\n<meta name=\"robots\" content=\"index, follow, max-snippet:-1, max-image-preview:large, max-video-preview:-1\" \/>\n<link rel=\"canonical\" href=\"https:\/\/www.pillarstrust.org\/fr\/\" \/>\n<meta property=\"og:locale\" content=\"fr_CA\" \/>\n<meta property=\"og:type\" content=\"article\" \/>\n<meta property=\"og:title\" content=\"Accueil - The Pillars Trust Fund\" \/>\n<meta property=\"og:description\" content=\"[vc_row css_animation=\u00a0\u00bb\u00a0\u00bb row_type=\u00a0\u00bbrow\u00a0\u00bb use_row_as_full_screen_section=\u00a0\u00bbno\u00a0\u00bb type=\u00a0\u00bbfull_width\u00a0\u00bb angled_section=\u00a0\u00bbno\u00a0\u00bb text_align=\u00a0\u00bbleft\u00a0\u00bb background_image_as_pattern=\u00a0\u00bbwithout_pattern\u00a0\u00bb][vc_column][rev_slider_vc alias=\u00a0\u00bbhome-1&Prime;][\/vc_column][\/vc_row][vc_row css_animation=\u00a0\u00bb\u00a0\u00bb row_type=\u00a0\u00bbrow\u00a0\u00bb use_row_as_full_screen_section=\u00a0\u00bbno\u00a0\u00bb type=\u00a0\u00bbgrid\u00a0\u00bb angled_section=\u00a0\u00bbno\u00a0\u00bb text_align=\u00a0\u00bbcenter\u00a0\u00bb background_image_as_pattern=\u00a0\u00bbwithout_pattern\u00a0\u00bb z_index=\u00a0\u00bb\u00a0\u00bb css=\u00a0\u00bb.vc_custom_1522747985035{padding-top: 120px !important;background-color: #f9fbf7 !important;}\u00a0\u00bb][vc_column][vc_column_text] Le Fonds d\u2019affectation sp\u00e9ciale des piliers [\/vc_column_text][vc_empty_space][vc_column_text] Promouvoir la force au sein de nos communaut\u00e9s catholiques locales et des actions qui soutiennent et...\" \/>\n<meta property=\"og:url\" content=\"https:\/\/www.pillarstrust.org\/fr\/\" \/>\n<meta property=\"og:site_name\" content=\"The Pillars Trust Fund\" \/>\n<meta property=\"article:modified_time\" content=\"2023-10-13T12:49:12+00:00\" \/>\n<meta name=\"twitter:card\" content=\"summary_large_image\" \/>\n<meta name=\"twitter:label1\" content=\"Estimation du temps de lecture\" \/>\n\t<meta name=\"twitter:data1\" content=\"2 minutes\" \/>\n<script type=\"application\/ld+json\" class=\"yoast-schema-graph\">{\"@context\":\"https:\\\/\\\/schema.org\",\"@graph\":[{\"@type\":\"WebPage\",\"@id\":\"https:\\\/\\\/www.pillarstrust.org\\\/fr\\\/\",\"url\":\"https:\\\/\\\/www.pillarstrust.org\\\/fr\\\/\",\"name\":\"Accueil - The Pillars Trust Fund\",\"isPartOf\":{\"@id\":\"https:\\\/\\\/www.pillarstrust.org\\\/fr\\\/#website\"},\"datePublished\":\"2018-04-03T12:37:23+00:00\",\"dateModified\":\"2023-10-13T12:49:12+00:00\",\"breadcrumb\":{\"@id\":\"https:\\\/\\\/www.pillarstrust.org\\\/fr\\\/#breadcrumb\"},\"inLanguage\":\"fr-CA\",\"potentialAction\":[{\"@type\":\"ReadAction\",\"target\":[\"https:\\\/\\\/www.pillarstrust.org\\\/fr\\\/\"]}]},{\"@type\":\"BreadcrumbList\",\"@id\":\"https:\\\/\\\/www.pillarstrust.org\\\/fr\\\/#breadcrumb\",\"itemListElement\":[{\"@type\":\"ListItem\",\"position\":1,\"name\":\"Accueil\",\"item\":\"https:\\\/\\\/www.pillarstrust.org\\\/fr\\\/\"},{\"@type\":\"ListItem\",\"position\":2,\"name\":\"Accueil\"}]},{\"@type\":\"WebSite\",\"@id\":\"https:\\\/\\\/www.pillarstrust.org\\\/fr\\\/#website\",\"url\":\"https:\\\/\\\/www.pillarstrust.org\\\/fr\\\/\",\"name\":\"The Pillars Trust Fund\",\"description\":\"We Are Catholic Strong\",\"potentialAction\":[{\"@type\":\"SearchAction\",\"target\":{\"@type\":\"EntryPoint\",\"urlTemplate\":\"https:\\\/\\\/www.pillarstrust.org\\\/fr\\\/?s={search_term_string}\"},\"query-input\":{\"@type\":\"PropertyValueSpecification\",\"valueRequired\":true,\"valueName\":\"search_term_string\"}}],\"inLanguage\":\"fr-CA\"}]}<\/script>\n<!-- \/ Yoast SEO plugin. -->","yoast_head_json":{"title":"Accueil - The Pillars Trust Fund","robots":{"index":"index","follow":"follow","max-snippet":"max-snippet:-1","max-image-preview":"max-image-preview:large","max-video-preview":"max-video-preview:-1"},"canonical":"https:\/\/www.pillarstrust.org\/fr\/","og_locale":"fr_CA","og_type":"article","og_title":"Accueil - The Pillars Trust Fund","og_description":"[vc_row css_animation=\u00a0\u00bb\u00a0\u00bb row_type=\u00a0\u00bbrow\u00a0\u00bb use_row_as_full_screen_section=\u00a0\u00bbno\u00a0\u00bb type=\u00a0\u00bbfull_width\u00a0\u00bb angled_section=\u00a0\u00bbno\u00a0\u00bb text_align=\u00a0\u00bbleft\u00a0\u00bb background_image_as_pattern=\u00a0\u00bbwithout_pattern\u00a0\u00bb][vc_column][rev_slider_vc alias=\u00a0\u00bbhome-1&Prime;][\/vc_column][\/vc_row][vc_row css_animation=\u00a0\u00bb\u00a0\u00bb row_type=\u00a0\u00bbrow\u00a0\u00bb use_row_as_full_screen_section=\u00a0\u00bbno\u00a0\u00bb type=\u00a0\u00bbgrid\u00a0\u00bb angled_section=\u00a0\u00bbno\u00a0\u00bb text_align=\u00a0\u00bbcenter\u00a0\u00bb background_image_as_pattern=\u00a0\u00bbwithout_pattern\u00a0\u00bb z_index=\u00a0\u00bb\u00a0\u00bb css=\u00a0\u00bb.vc_custom_1522747985035{padding-top: 120px !important;background-color: #f9fbf7 !important;}\u00a0\u00bb][vc_column][vc_column_text] Le Fonds d\u2019affectation sp\u00e9ciale des piliers [\/vc_column_text][vc_empty_space][vc_column_text] Promouvoir la force au sein de nos communaut\u00e9s catholiques locales et des actions qui soutiennent et...","og_url":"https:\/\/www.pillarstrust.org\/fr\/","og_site_name":"The Pillars Trust Fund","article_modified_time":"2023-10-13T12:49:12+00:00","twitter_card":"summary_large_image","twitter_misc":{"Estimation du temps de lecture":"2 minutes"},"schema":{"@context":"https:\/\/schema.org","@graph":[{"@type":"WebPage","@id":"https:\/\/www.pillarstrust.org\/fr\/","url":"https:\/\/www.pillarstrust.org\/fr\/","name":"Accueil - The Pillars Trust Fund","isPartOf":{"@id":"https:\/\/www.pillarstrust.org\/fr\/#website"},"datePublished":"2018-04-03T12:37:23+00:00","dateModified":"2023-10-13T12:49:12+00:00","breadcrumb":{"@id":"https:\/\/www.pillarstrust.org\/fr\/#breadcrumb"},"inLanguage":"fr-CA","potentialAction":[{"@type":"ReadAction","target":["https:\/\/www.pillarstrust.org\/fr\/"]}]},{"@type":"BreadcrumbList","@id":"https:\/\/www.pillarstrust.org\/fr\/#breadcrumb","itemListElement":[{"@type":"ListItem","position":1,"name":"Accueil","item":"https:\/\/www.pillarstrust.org\/fr\/"},{"@type":"ListItem","position":2,"name":"Accueil"}]},{"@type":"WebSite","@id":"https:\/\/www.pillarstrust.org\/fr\/#website","url":"https:\/\/www.pillarstrust.org\/fr\/","name":"The Pillars Trust Fund","description":"We Are Catholic Strong","potentialAction":[{"@type":"SearchAction","target":{"@type":"EntryPoint","urlTemplate":"https:\/\/www.pillarstrust.org\/fr\/?s={search_term_string}"},"query-input":{"@type":"PropertyValueSpecification","valueRequired":true,"valueName":"search_term_string"}}],"inLanguage":"fr-CA"}]}},"_links":{"self":[{"href":"https:\/\/www.pillarstrust.org\/fr\/wp-json\/wp\/v2\/pages\/1376","targetHints":{"allow":["GET"]}}],"collection":[{"href":"https:\/\/www.pillarstrust.org\/fr\/wp-json\/wp\/v2\/pages"}],"about":[{"href":"https:\/\/www.pillarstrust.org\/fr\/wp-json\/wp\/v2\/types\/page"}],"author":[{"embeddable":true,"href":"https:\/\/www.pillarstrust.org\/fr\/wp-json\/wp\/v2\/users\/2"}],"replies":[{"embeddable":true,"href":"https:\/\/www.pillarstrust.org\/fr\/wp-json\/wp\/v2\/comments?post=1376"}],"version-history":[{"count":2,"href":"https:\/\/www.pillarstrust.org\/fr\/wp-json\/wp\/v2\/pages\/1376\/revisions"}],"predecessor-version":[{"id":1457,"href":"https:\/\/www.pillarstrust.org\/fr\/wp-json\/wp\/v2\/pages\/1376\/revisions\/1457"}],"wp:attachment":[{"href":"https:\/\/www.pillarstrust.org\/fr\/wp-json\/wp\/v2\/media?parent=1376"}],"curies":[{"name":"wp","href":"https:\/\/api.w.org\/{rel}","templated":true}]}}