{"id":1394,"date":"2021-02-18T01:53:28","date_gmt":"2021-02-18T06:53:28","guid":{"rendered":"https:\/\/www.pillarstrust.org\/dons-planifies\/legs\/heritage-conditionnel\/"},"modified":"2023-10-13T09:02:44","modified_gmt":"2023-10-13T13:02:44","slug":"heritage-conditionnel","status":"publish","type":"page","link":"https:\/\/www.pillarstrust.org\/fr\/dons-planifies\/legs\/heritage-conditionnel\/","title":{"rendered":"H\u00e9ritage conditionnel"},"content":{"rendered":"<p>[vc_row css_animation=\u00a0\u00bb\u00a0\u00bb row_type=\u00a0\u00bbrow\u00a0\u00bb use_row_as_full_screen_section=\u00a0\u00bbno\u00a0\u00bb type=\u00a0\u00bbfull_width\u00a0\u00bb angled_section=\u00a0\u00bbno\u00a0\u00bb text_align=\u00a0\u00bbleft\u00a0\u00bb background_image_as_pattern=\u00a0\u00bbwithout_pattern\u00a0\u00bb][vc_column][vc_empty_space][\/vc_column][\/vc_row][vc_row css_animation=\u00a0\u00bb\u00a0\u00bb row_type=\u00a0\u00bbrow\u00a0\u00bb use_row_as_full_screen_section=\u00a0\u00bbno\u00a0\u00bb type=\u00a0\u00bbfull_width\u00a0\u00bb angled_section=\u00a0\u00bbno\u00a0\u00bb text_align=\u00a0\u00bbleft\u00a0\u00bb background_image_as_pattern=\u00a0\u00bbwithout_pattern\u00a0\u00bb][vc_column width=\u00a0\u00bb1\/3&Prime;][vc_empty_space height=\u00a0\u00bb60px\u00a0\u00bb][vc_column_text]<\/p>\n<h4>Cette forme de legs vous permet de maintenir les dispositions que vous avez d\u00e9j\u00e0 \u00e9tablies dans votre testament ou votre fiducie vivante.<\/h4>\n<p>[\/vc_column_text][vc_empty_space height=\u00a0\u00bb50px\u00a0\u00bb][vc_column_text]<\/p>\n<h4>Vos amis et votre famille peuvent continuer de recevoir ou de b\u00e9n\u00e9ficier de tout cadeau que vous avez \u00e9tabli dans votre testament; cependant, si les circonstances changent, avant ou apr\u00e8s votre d\u00e9c\u00e8s, et que les personnes que vous nommez dans votre testament sont incapables d\u2019accepter ou de recevoir vos dons (peut-\u00eatre qu\u2019elles sont d\u00e9c\u00e9d\u00e9es avant vous), alors ce n\u2019est qu\u2019en vertu de ce type de <em>condition<\/em> d\u2019\u00eatre incapable d\u2019accepter ou de recevoir vos dons, que Pillars Trust Fund recevra un don de votre succession.<\/h4>\n<p>[\/vc_column_text][\/vc_column][vc_column width=\u00a0\u00bb1\/12&Prime;][\/vc_column][vc_column width=\u00a0\u00bb1\/3&Prime;][vc_single_image image=\u00a0\u00bb1312&Prime; img_size=\u00a0\u00bb400 x 700&Prime; qode_css_animation=\u00a0\u00bb\u00a0\u00bb][\/vc_column][\/vc_row][vc_row css_animation=\u00a0\u00bb\u00a0\u00bb row_type=\u00a0\u00bbrow\u00a0\u00bb use_row_as_full_screen_section=\u00a0\u00bbno\u00a0\u00bb type=\u00a0\u00bbfull_width\u00a0\u00bb angled_section=\u00a0\u00bbno\u00a0\u00bb text_align=\u00a0\u00bbleft\u00a0\u00bb background_image_as_pattern=\u00a0\u00bbwithout_pattern\u00a0\u00bb][vc_column][vc_empty_space height=\u00a0\u00bb20px\u00a0\u00bb][\/vc_column][\/vc_row][vc_row css_animation=\u00a0\u00bb\u00a0\u00bb row_type=\u00a0\u00bbrow\u00a0\u00bb use_row_as_full_screen_section=\u00a0\u00bbno\u00a0\u00bb type=\u00a0\u00bbfull_width\u00a0\u00bb angled_section=\u00a0\u00bbno\u00a0\u00bb text_align=\u00a0\u00bbleft\u00a0\u00bb background_image_as_pattern=\u00a0\u00bbwithout_pattern\u00a0\u00bb][vc_column width=\u00a0\u00bb1\/3&Prime;][vc_single_image image=\u00a0\u00bb1327&Prime; img_size=\u00a0\u00bb300 x 400&Prime; qode_css_animation=\u00a0\u00bb\u00a0\u00bb][\/vc_column][vc_column width=\u00a0\u00bb1\/3&Prime;][vc_column_text]<\/p>\n<h4 style=\"text-align: left;\">Vous pouvez configurer les conditions et le type de cadeau que Pillars Trust recevrait dans ces circonstances. Si vous avez d\u00e9j\u00e0 un testament, contactez votre notaire pour vous aider \u00e0 ajouter une condition pour Pillars Trust Fund. Si vous avez besoin d\u2019aide pour pr\u00e9parer un testament et que vous avez besoin de trouver un notaire, vous pouvez utiliser le site Web de la <em>Chambre des notaires du Qu\u00e9bec<\/em> (<span style=\"color: #0000ff;\"><a style=\"color: #0000ff;\" href=\"https:\/\/www.cnq.org\/\" target=\"_blank\" rel=\"noopener\">www.cnq.org<\/a><\/span>) ou composer le 1-800-notaire, pour faire conna\u00eetre vos souhaits. En tout temps, vous pouvez communiquer avec nous pour obtenir de plus amples renseignements (<span style=\"color: #0000ff;\"><a style=\"color: #0000ff;\" href=\"mailto:admin@pillarstrust.org\">admin@pillarstrust.org<\/a><\/span> ou 514-937-2301, poste 255).<\/h4>\n<p>[\/vc_column_text][\/vc_column][vc_column width=\u00a0\u00bb1\/3&Prime;][vc_widget_sidebar sidebar_id=\u00a0\u00bbBequest Widget\u00a0\u00bb][\/vc_column][\/vc_row][vc_row css_animation=\u00a0\u00bb\u00a0\u00bb row_type=\u00a0\u00bbrow\u00a0\u00bb use_row_as_full_screen_section=\u00a0\u00bbno\u00a0\u00bb type=\u00a0\u00bbfull_width\u00a0\u00bb angled_section=\u00a0\u00bbno\u00a0\u00bb text_align=\u00a0\u00bbleft\u00a0\u00bb background_image_as_pattern=\u00a0\u00bbwithout_pattern\u00a0\u00bb][vc_column][vc_empty_space height=\u00a0\u00bb30px\u00a0\u00bb][\/vc_column][\/vc_row][vc_row css_animation=\u00a0\u00bb\u00a0\u00bb row_type=\u00a0\u00bbrow\u00a0\u00bb use_row_as_full_screen_section=\u00a0\u00bbno\u00a0\u00bb type=\u00a0\u00bbfull_width\u00a0\u00bb angled_section=\u00a0\u00bbno\u00a0\u00bb text_align=\u00a0\u00bbleft\u00a0\u00bb background_image_as_pattern=\u00a0\u00bbwithout_pattern\u00a0\u00bb][vc_column width=\u00a0\u00bb1\/5&Prime;][\/vc_column][vc_column width=\u00a0\u00bb1\/5&Prime;][\/vc_column][vc_column width=\u00a0\u00bb1\/5&Prime;][\/vc_column][vc_column width=\u00a0\u00bb1\/5&Prime;][\/vc_column][vc_column width=\u00a0\u00bb1\/5&Prime;][\/vc_column][\/vc_row][vc_row css_animation=\u00a0\u00bb\u00a0\u00bb row_type=\u00a0\u00bbrow\u00a0\u00bb use_row_as_full_screen_section=\u00a0\u00bbno\u00a0\u00bb type=\u00a0\u00bbfull_width\u00a0\u00bb angled_section=\u00a0\u00bbno\u00a0\u00bb text_align=\u00a0\u00bbleft\u00a0\u00bb background_image_as_pattern=\u00a0\u00bbwithout_pattern\u00a0\u00bb][vc_column][vc_empty_space height=\u00a0\u00bb100px\u00a0\u00bb][\/vc_column][\/vc_row][vc_row css_animation=\u00a0\u00bb\u00a0\u00bb row_type=\u00a0\u00bbrow\u00a0\u00bb use_row_as_full_screen_section=\u00a0\u00bbno\u00a0\u00bb type=\u00a0\u00bbfull_width\u00a0\u00bb angled_section=\u00a0\u00bbno\u00a0\u00bb text_align=\u00a0\u00bbleft\u00a0\u00bb background_image_as_pattern=\u00a0\u00bbwithout_pattern\u00a0\u00bb][vc_column][vc_separator type=\u00a0\u00bbnormal\u00a0\u00bb color=\u00a0\u00bb#448256&Prime;][\/vc_column][\/vc_row][vc_row css_animation=\u00a0\u00bb\u00a0\u00bb row_type=\u00a0\u00bbrow\u00a0\u00bb use_row_as_full_screen_section=\u00a0\u00bbno\u00a0\u00bb type=\u00a0\u00bbfull_width\u00a0\u00bb angled_section=\u00a0\u00bbno\u00a0\u00bb text_align=\u00a0\u00bbleft\u00a0\u00bb background_image_as_pattern=\u00a0\u00bbwithout_pattern\u00a0\u00bb][vc_column][vc_column_text]<\/p>\n<h5>Pillars Trust Fund est un organisme \u00e0 but non lucratif. Pillars Trust Fund <u>ne peut pas et ne fournit pas<\/u> de conseils financiers ou juridiques. Vous devez demander vos propres conseils financiers et juridiques ind\u00e9pendants. Pillars Trust Fund vous encourage \u00e0 parler avec votre famille, votre notaire, votre avocat, votre conseiller financier, votre comptable et toute autre personne ou tout autre professionnel pour vous aider \u00e0 choisir l\u2019option de don planifi\u00e9 appropri\u00e9e \u00e0 votre situation. Si vous n\u2019avez pas de conseiller financier, votre banque pourrait vous aider \u00e0 en trouver un. Si vous n\u2019avez pas de notaire, vous pouvez trouver de l\u2019aide pour en trouver un pr\u00e8s de chez vous par l\u2019entremise de la <em>Chambre des notaires du Qu\u00e9bec<\/em> (<a href=\"http:\/\/www.cnq.org\/en\/\">www.cnq.org\/en\/<\/a>) ou en composant le 1-800-notaire. Si pillars Trust Fund peut \u00eatre d\u2019une autre aide ou si vous souhaitez en discuter avec nous plus en d\u00e9tail, veuillez nous contacter \u00e0 <a href=\"mailto:admin@pillarstrust.org\">admin@pillarstrust.org<\/a><\/h5>\n<p>[\/vc_column_text][\/vc_column][\/vc_row][vc_row css_animation=\u00a0\u00bb\u00a0\u00bb row_type=\u00a0\u00bbrow\u00a0\u00bb use_row_as_full_screen_section=\u00a0\u00bbno\u00a0\u00bb type=\u00a0\u00bbfull_width\u00a0\u00bb angled_section=\u00a0\u00bbno\u00a0\u00bb text_align=\u00a0\u00bbleft\u00a0\u00bb background_image_as_pattern=\u00a0\u00bbwithout_pattern\u00a0\u00bb][vc_column][vc_empty_space height=\u00a0\u00bb84px\u00a0\u00bb][\/vc_column][\/vc_row]<\/p>\n","protected":false},"excerpt":{"rendered":"<p>[vc_row css_animation=\u00a0\u00bb\u00a0\u00bb row_type=\u00a0\u00bbrow\u00a0\u00bb use_row_as_full_screen_section=\u00a0\u00bbno\u00a0\u00bb type=\u00a0\u00bbfull_width\u00a0\u00bb angled_section=\u00a0\u00bbno\u00a0\u00bb text_align=\u00a0\u00bbleft\u00a0\u00bb background_image_as_pattern=\u00a0\u00bbwithout_pattern\u00a0\u00bb][vc_column][vc_empty_space][\/vc_column][\/vc_row][vc_row css_animation=\u00a0\u00bb\u00a0\u00bb row_type=\u00a0\u00bbrow\u00a0\u00bb use_row_as_full_screen_section=\u00a0\u00bbno\u00a0\u00bb type=\u00a0\u00bbfull_width\u00a0\u00bb angled_section=\u00a0\u00bbno\u00a0\u00bb text_align=\u00a0\u00bbleft\u00a0\u00bb background_image_as_pattern=\u00a0\u00bbwithout_pattern\u00a0\u00bb][vc_column width=\u00a0\u00bb1\/3&Prime;][vc_empty_space height=\u00a0\u00bb60px\u00a0\u00bb][vc_column_text] Cette forme de legs vous permet de maintenir les dispositions que vous avez d\u00e9j\u00e0 \u00e9tablies dans votre testament ou votre fiducie vivante. [\/vc_column_text][vc_empty_space height=\u00a0\u00bb50px\u00a0\u00bb][vc_column_text] Vos amis et votre&#8230;<\/p>\n","protected":false},"author":2,"featured_media":0,"parent":1386,"menu_order":0,"comment_status":"closed","ping_status":"closed","template":"","meta":{"footnotes":""},"class_list":["post-1394","page","type-page","status-publish","hentry"],"yoast_head":"<!-- This site is optimized with the Yoast SEO plugin v27.4 - https:\/\/yoast.com\/product\/yoast-seo-wordpress\/ -->\n<title>H\u00e9ritage conditionnel - The Pillars Trust Fund<\/title>\n<meta name=\"robots\" content=\"index, follow, max-snippet:-1, max-image-preview:large, max-video-preview:-1\" \/>\n<link rel=\"canonical\" href=\"https:\/\/www.pillarstrust.org\/fr\/dons-planifies\/legs\/heritage-conditionnel\/\" \/>\n<meta property=\"og:locale\" content=\"fr_CA\" \/>\n<meta property=\"og:type\" content=\"article\" \/>\n<meta property=\"og:title\" content=\"H\u00e9ritage conditionnel - The Pillars Trust Fund\" \/>\n<meta property=\"og:description\" content=\"[vc_row css_animation=\u00a0\u00bb\u00a0\u00bb row_type=\u00a0\u00bbrow\u00a0\u00bb use_row_as_full_screen_section=\u00a0\u00bbno\u00a0\u00bb type=\u00a0\u00bbfull_width\u00a0\u00bb angled_section=\u00a0\u00bbno\u00a0\u00bb text_align=\u00a0\u00bbleft\u00a0\u00bb background_image_as_pattern=\u00a0\u00bbwithout_pattern\u00a0\u00bb][vc_column][vc_empty_space][\/vc_column][\/vc_row][vc_row css_animation=\u00a0\u00bb\u00a0\u00bb row_type=\u00a0\u00bbrow\u00a0\u00bb use_row_as_full_screen_section=\u00a0\u00bbno\u00a0\u00bb type=\u00a0\u00bbfull_width\u00a0\u00bb angled_section=\u00a0\u00bbno\u00a0\u00bb text_align=\u00a0\u00bbleft\u00a0\u00bb background_image_as_pattern=\u00a0\u00bbwithout_pattern\u00a0\u00bb][vc_column width=\u00a0\u00bb1\/3&Prime;][vc_empty_space height=\u00a0\u00bb60px\u00a0\u00bb][vc_column_text] Cette forme de legs vous permet de maintenir les dispositions que vous avez d\u00e9j\u00e0 \u00e9tablies dans votre testament ou votre fiducie vivante. [\/vc_column_text][vc_empty_space height=\u00a0\u00bb50px\u00a0\u00bb][vc_column_text] Vos amis et votre...\" \/>\n<meta property=\"og:url\" content=\"https:\/\/www.pillarstrust.org\/fr\/dons-planifies\/legs\/heritage-conditionnel\/\" \/>\n<meta property=\"og:site_name\" content=\"The Pillars Trust Fund\" \/>\n<meta property=\"article:modified_time\" content=\"2023-10-13T13:02:44+00:00\" \/>\n<meta name=\"twitter:card\" content=\"summary_large_image\" \/>\n<meta name=\"twitter:label1\" content=\"Estimation du temps de lecture\" \/>\n\t<meta name=\"twitter:data1\" content=\"3 minutes\" \/>\n<script type=\"application\/ld+json\" class=\"yoast-schema-graph\">{\"@context\":\"https:\\\/\\\/schema.org\",\"@graph\":[{\"@type\":\"WebPage\",\"@id\":\"https:\\\/\\\/www.pillarstrust.org\\\/fr\\\/dons-planifies\\\/legs\\\/heritage-conditionnel\\\/\",\"url\":\"https:\\\/\\\/www.pillarstrust.org\\\/fr\\\/dons-planifies\\\/legs\\\/heritage-conditionnel\\\/\",\"name\":\"H\u00e9ritage conditionnel - The Pillars Trust Fund\",\"isPartOf\":{\"@id\":\"https:\\\/\\\/www.pillarstrust.org\\\/fr\\\/#website\"},\"datePublished\":\"2021-02-18T06:53:28+00:00\",\"dateModified\":\"2023-10-13T13:02:44+00:00\",\"breadcrumb\":{\"@id\":\"https:\\\/\\\/www.pillarstrust.org\\\/fr\\\/dons-planifies\\\/legs\\\/heritage-conditionnel\\\/#breadcrumb\"},\"inLanguage\":\"fr-CA\",\"potentialAction\":[{\"@type\":\"ReadAction\",\"target\":[\"https:\\\/\\\/www.pillarstrust.org\\\/fr\\\/dons-planifies\\\/legs\\\/heritage-conditionnel\\\/\"]}]},{\"@type\":\"BreadcrumbList\",\"@id\":\"https:\\\/\\\/www.pillarstrust.org\\\/fr\\\/dons-planifies\\\/legs\\\/heritage-conditionnel\\\/#breadcrumb\",\"itemListElement\":[{\"@type\":\"ListItem\",\"position\":1,\"name\":\"Accueil\",\"item\":\"https:\\\/\\\/www.pillarstrust.org\\\/fr\\\/\"},{\"@type\":\"ListItem\",\"position\":2,\"name\":\"Dons planifi\u00e9s\",\"item\":\"https:\\\/\\\/www.pillarstrust.org\\\/fr\\\/dons-planifies\\\/\"},{\"@type\":\"ListItem\",\"position\":3,\"name\":\"Legs\",\"item\":\"https:\\\/\\\/www.pillarstrust.org\\\/fr\\\/dons-planifies\\\/legs\\\/\"},{\"@type\":\"ListItem\",\"position\":4,\"name\":\"H\u00e9ritage conditionnel\"}]},{\"@type\":\"WebSite\",\"@id\":\"https:\\\/\\\/www.pillarstrust.org\\\/fr\\\/#website\",\"url\":\"https:\\\/\\\/www.pillarstrust.org\\\/fr\\\/\",\"name\":\"The Pillars Trust Fund\",\"description\":\"We Are Catholic Strong\",\"potentialAction\":[{\"@type\":\"SearchAction\",\"target\":{\"@type\":\"EntryPoint\",\"urlTemplate\":\"https:\\\/\\\/www.pillarstrust.org\\\/fr\\\/?s={search_term_string}\"},\"query-input\":{\"@type\":\"PropertyValueSpecification\",\"valueRequired\":true,\"valueName\":\"search_term_string\"}}],\"inLanguage\":\"fr-CA\"}]}<\/script>\n<!-- \/ Yoast SEO plugin. -->","yoast_head_json":{"title":"H\u00e9ritage conditionnel - The Pillars Trust Fund","robots":{"index":"index","follow":"follow","max-snippet":"max-snippet:-1","max-image-preview":"max-image-preview:large","max-video-preview":"max-video-preview:-1"},"canonical":"https:\/\/www.pillarstrust.org\/fr\/dons-planifies\/legs\/heritage-conditionnel\/","og_locale":"fr_CA","og_type":"article","og_title":"H\u00e9ritage conditionnel - The Pillars Trust Fund","og_description":"[vc_row css_animation=\u00a0\u00bb\u00a0\u00bb row_type=\u00a0\u00bbrow\u00a0\u00bb use_row_as_full_screen_section=\u00a0\u00bbno\u00a0\u00bb type=\u00a0\u00bbfull_width\u00a0\u00bb angled_section=\u00a0\u00bbno\u00a0\u00bb text_align=\u00a0\u00bbleft\u00a0\u00bb background_image_as_pattern=\u00a0\u00bbwithout_pattern\u00a0\u00bb][vc_column][vc_empty_space][\/vc_column][\/vc_row][vc_row css_animation=\u00a0\u00bb\u00a0\u00bb row_type=\u00a0\u00bbrow\u00a0\u00bb use_row_as_full_screen_section=\u00a0\u00bbno\u00a0\u00bb type=\u00a0\u00bbfull_width\u00a0\u00bb angled_section=\u00a0\u00bbno\u00a0\u00bb text_align=\u00a0\u00bbleft\u00a0\u00bb background_image_as_pattern=\u00a0\u00bbwithout_pattern\u00a0\u00bb][vc_column width=\u00a0\u00bb1\/3&Prime;][vc_empty_space height=\u00a0\u00bb60px\u00a0\u00bb][vc_column_text] Cette forme de legs vous permet de maintenir les dispositions que vous avez d\u00e9j\u00e0 \u00e9tablies dans votre testament ou votre fiducie vivante. [\/vc_column_text][vc_empty_space height=\u00a0\u00bb50px\u00a0\u00bb][vc_column_text] Vos amis et votre...","og_url":"https:\/\/www.pillarstrust.org\/fr\/dons-planifies\/legs\/heritage-conditionnel\/","og_site_name":"The Pillars Trust Fund","article_modified_time":"2023-10-13T13:02:44+00:00","twitter_card":"summary_large_image","twitter_misc":{"Estimation du temps de lecture":"3 minutes"},"schema":{"@context":"https:\/\/schema.org","@graph":[{"@type":"WebPage","@id":"https:\/\/www.pillarstrust.org\/fr\/dons-planifies\/legs\/heritage-conditionnel\/","url":"https:\/\/www.pillarstrust.org\/fr\/dons-planifies\/legs\/heritage-conditionnel\/","name":"H\u00e9ritage conditionnel - The Pillars Trust Fund","isPartOf":{"@id":"https:\/\/www.pillarstrust.org\/fr\/#website"},"datePublished":"2021-02-18T06:53:28+00:00","dateModified":"2023-10-13T13:02:44+00:00","breadcrumb":{"@id":"https:\/\/www.pillarstrust.org\/fr\/dons-planifies\/legs\/heritage-conditionnel\/#breadcrumb"},"inLanguage":"fr-CA","potentialAction":[{"@type":"ReadAction","target":["https:\/\/www.pillarstrust.org\/fr\/dons-planifies\/legs\/heritage-conditionnel\/"]}]},{"@type":"BreadcrumbList","@id":"https:\/\/www.pillarstrust.org\/fr\/dons-planifies\/legs\/heritage-conditionnel\/#breadcrumb","itemListElement":[{"@type":"ListItem","position":1,"name":"Accueil","item":"https:\/\/www.pillarstrust.org\/fr\/"},{"@type":"ListItem","position":2,"name":"Dons planifi\u00e9s","item":"https:\/\/www.pillarstrust.org\/fr\/dons-planifies\/"},{"@type":"ListItem","position":3,"name":"Legs","item":"https:\/\/www.pillarstrust.org\/fr\/dons-planifies\/legs\/"},{"@type":"ListItem","position":4,"name":"H\u00e9ritage conditionnel"}]},{"@type":"WebSite","@id":"https:\/\/www.pillarstrust.org\/fr\/#website","url":"https:\/\/www.pillarstrust.org\/fr\/","name":"The Pillars Trust Fund","description":"We Are Catholic Strong","potentialAction":[{"@type":"SearchAction","target":{"@type":"EntryPoint","urlTemplate":"https:\/\/www.pillarstrust.org\/fr\/?s={search_term_string}"},"query-input":{"@type":"PropertyValueSpecification","valueRequired":true,"valueName":"search_term_string"}}],"inLanguage":"fr-CA"}]}},"_links":{"self":[{"href":"https:\/\/www.pillarstrust.org\/fr\/wp-json\/wp\/v2\/pages\/1394","targetHints":{"allow":["GET"]}}],"collection":[{"href":"https:\/\/www.pillarstrust.org\/fr\/wp-json\/wp\/v2\/pages"}],"about":[{"href":"https:\/\/www.pillarstrust.org\/fr\/wp-json\/wp\/v2\/types\/page"}],"author":[{"embeddable":true,"href":"https:\/\/www.pillarstrust.org\/fr\/wp-json\/wp\/v2\/users\/2"}],"replies":[{"embeddable":true,"href":"https:\/\/www.pillarstrust.org\/fr\/wp-json\/wp\/v2\/comments?post=1394"}],"version-history":[{"count":2,"href":"https:\/\/www.pillarstrust.org\/fr\/wp-json\/wp\/v2\/pages\/1394\/revisions"}],"predecessor-version":[{"id":1463,"href":"https:\/\/www.pillarstrust.org\/fr\/wp-json\/wp\/v2\/pages\/1394\/revisions\/1463"}],"up":[{"embeddable":true,"href":"https:\/\/www.pillarstrust.org\/fr\/wp-json\/wp\/v2\/pages\/1386"}],"wp:attachment":[{"href":"https:\/\/www.pillarstrust.org\/fr\/wp-json\/wp\/v2\/media?parent=1394"}],"curies":[{"name":"wp","href":"https:\/\/api.w.org\/{rel}","templated":true}]}}