{"id":1418,"date":"2021-03-27T16:37:51","date_gmt":"2021-03-27T20:37:51","guid":{"rendered":"https:\/\/www.pillarstrust.org\/dons-planifies\/assurance\/beneficiaire-designe\/"},"modified":"2023-10-10T13:20:56","modified_gmt":"2023-10-10T17:20:56","slug":"beneficiaire-designe","status":"publish","type":"page","link":"https:\/\/www.pillarstrust.org\/fr\/dons-planifies\/assurance\/beneficiaire-designe\/","title":{"rendered":"B\u00e9n\u00e9ficiaire d\u00e9sign\u00e9"},"content":{"rendered":"<p>[vc_row css_animation=\u00a0\u00bb\u00a0\u00bb row_type=\u00a0\u00bbrow\u00a0\u00bb use_row_as_full_screen_section=\u00a0\u00bbno\u00a0\u00bb type=\u00a0\u00bbfull_width\u00a0\u00bb angled_section=\u00a0\u00bbno\u00a0\u00bb text_align=\u00a0\u00bbleft\u00a0\u00bb background_image_as_pattern=\u00a0\u00bbwithout_pattern\u00a0\u00bb][vc_column][vc_empty_space][\/vc_column][\/vc_row][vc_row css_animation=\u00a0\u00bb\u00a0\u00bb row_type=\u00a0\u00bbrow\u00a0\u00bb use_row_as_full_screen_section=\u00a0\u00bbno\u00a0\u00bb type=\u00a0\u00bbfull_width\u00a0\u00bb angled_section=\u00a0\u00bbno\u00a0\u00bb text_align=\u00a0\u00bbleft\u00a0\u00bb background_image_as_pattern=\u00a0\u00bbwithout_pattern\u00a0\u00bb][vc_column][vc_column_text]<\/p>\n<h4>Il est possible de nommer Pillars Trust Fund comme b\u00e9n\u00e9ficiaire de votre police d\u2019assurance-vie. Cette option signifie que vous continuez \u00e0 \u00eatre propri\u00e9taire de la police et \u00e0 payer les primes vous-m\u00eame. L\u2019avantage de la police est vers\u00e9 directement \u00e0 Pillars Trust lorsque vous \u00eates parti. Bien qu\u2019il n\u2019y ait pas d\u2019all\u00e9gement fiscal pour les primes que vous payez, il y aura un re\u00e7u d\u2019imp\u00f4t de bienfaisance \u00e9mis sur le produit distribu\u00e9 \u00e0 Pillars Trust Fund qui peut \u00eatre utilis\u00e9 sur votre d\u00e9claration de revenus finale.<\/h4>\n<p>[\/vc_column_text][\/vc_column][\/vc_row][vc_row css_animation=\u00a0\u00bb\u00a0\u00bb row_type=\u00a0\u00bbrow\u00a0\u00bb use_row_as_full_screen_section=\u00a0\u00bbno\u00a0\u00bb type=\u00a0\u00bbfull_width\u00a0\u00bb angled_section=\u00a0\u00bbno\u00a0\u00bb text_align=\u00a0\u00bbleft\u00a0\u00bb background_image_as_pattern=\u00a0\u00bbwithout_pattern\u00a0\u00bb][vc_column width=\u00a0\u00bb3\/4&Prime;][vc_column_text]<\/p>\n<h4>Pillars Trust Fund vous encourage fortement \u00e0 demander des conseils financiers et juridiques ind\u00e9pendants et \u00e0 organiser tout changement de politique avec un fournisseur d\u2019assurance exp\u00e9riment\u00e9 dans le travail avec des organismes de bienfaisance de cette mani\u00e8re.<\/h4>\n<p>[\/vc_column_text][\/vc_column][\/vc_row][vc_row css_animation=\u00a0\u00bb\u00a0\u00bb row_type=\u00a0\u00bbrow\u00a0\u00bb use_row_as_full_screen_section=\u00a0\u00bbno\u00a0\u00bb type=\u00a0\u00bbfull_width\u00a0\u00bb angled_section=\u00a0\u00bbno\u00a0\u00bb text_align=\u00a0\u00bbleft\u00a0\u00bb background_image_as_pattern=\u00a0\u00bbwithout_pattern\u00a0\u00bb][vc_column][vc_empty_space][\/vc_column][\/vc_row][vc_row css_animation=\u00a0\u00bb\u00a0\u00bb row_type=\u00a0\u00bbrow\u00a0\u00bb use_row_as_full_screen_section=\u00a0\u00bbno\u00a0\u00bb type=\u00a0\u00bbfull_width\u00a0\u00bb angled_section=\u00a0\u00bbno\u00a0\u00bb text_align=\u00a0\u00bbleft\u00a0\u00bb background_image_as_pattern=\u00a0\u00bbwithout_pattern\u00a0\u00bb][vc_column width=\u00a0\u00bb1\/4&Prime;][vc_single_image image=\u00a0\u00bb1315&Prime; img_size=\u00a0\u00bb400 x 400&Prime; qode_css_animation=\u00a0\u00bb\u00a0\u00bb][\/vc_column][vc_column width=\u00a0\u00bb1\/4&Prime;][vc_single_image image=\u00a0\u00bb1321&Prime; img_size=\u00a0\u00bb400 x 400&Prime; alignment=\u00a0\u00bbcenter\u00a0\u00bb qode_css_animation=\u00a0\u00bb\u00a0\u00bb][\/vc_column][vc_column width=\u00a0\u00bb1\/4&Prime;][vc_single_image image=\u00a0\u00bb1319&Prime; img_size=\u00a0\u00bb400 x 400&Prime; alignment=\u00a0\u00bbright\u00a0\u00bb qode_css_animation=\u00a0\u00bb\u00a0\u00bb][\/vc_column][vc_column width=\u00a0\u00bb1\/4&Prime;][vc_widget_sidebar sidebar_id=\u00a0\u00bbInsurance Widget\u00a0\u00bb][\/vc_column][\/vc_row][vc_row css_animation=\u00a0\u00bb\u00a0\u00bb row_type=\u00a0\u00bbrow\u00a0\u00bb use_row_as_full_screen_section=\u00a0\u00bbno\u00a0\u00bb type=\u00a0\u00bbfull_width\u00a0\u00bb angled_section=\u00a0\u00bbno\u00a0\u00bb text_align=\u00a0\u00bbleft\u00a0\u00bb background_image_as_pattern=\u00a0\u00bbwithout_pattern\u00a0\u00bb][vc_column][vc_empty_space height=\u00a0\u00bb80px\u00a0\u00bb][\/vc_column][\/vc_row][vc_row css_animation=\u00a0\u00bb\u00a0\u00bb row_type=\u00a0\u00bbrow\u00a0\u00bb use_row_as_full_screen_section=\u00a0\u00bbno\u00a0\u00bb type=\u00a0\u00bbfull_width\u00a0\u00bb angled_section=\u00a0\u00bbno\u00a0\u00bb text_align=\u00a0\u00bbleft\u00a0\u00bb background_image_as_pattern=\u00a0\u00bbwithout_pattern\u00a0\u00bb][vc_column width=\u00a0\u00bb1\/5&Prime;][\/vc_column][vc_column width=\u00a0\u00bb1\/5&Prime;][\/vc_column][vc_column width=\u00a0\u00bb1\/5&Prime;][\/vc_column][vc_column width=\u00a0\u00bb1\/5&Prime;][\/vc_column][vc_column width=\u00a0\u00bb1\/5&Prime;][\/vc_column][\/vc_row][vc_row css_animation=\u00a0\u00bb\u00a0\u00bb row_type=\u00a0\u00bbrow\u00a0\u00bb use_row_as_full_screen_section=\u00a0\u00bbno\u00a0\u00bb type=\u00a0\u00bbfull_width\u00a0\u00bb angled_section=\u00a0\u00bbno\u00a0\u00bb text_align=\u00a0\u00bbleft\u00a0\u00bb background_image_as_pattern=\u00a0\u00bbwithout_pattern\u00a0\u00bb][vc_column][vc_empty_space height=\u00a0\u00bb104px\u00a0\u00bb][\/vc_column][\/vc_row][vc_row css_animation=\u00a0\u00bb\u00a0\u00bb row_type=\u00a0\u00bbrow\u00a0\u00bb use_row_as_full_screen_section=\u00a0\u00bbno\u00a0\u00bb type=\u00a0\u00bbfull_width\u00a0\u00bb angled_section=\u00a0\u00bbno\u00a0\u00bb text_align=\u00a0\u00bbleft\u00a0\u00bb background_image_as_pattern=\u00a0\u00bbwithout_pattern\u00a0\u00bb][vc_column][vc_separator type=\u00a0\u00bbnormal\u00a0\u00bb color=\u00a0\u00bb#448256&Prime;][\/vc_column][\/vc_row][vc_row css_animation=\u00a0\u00bb\u00a0\u00bb row_type=\u00a0\u00bbrow\u00a0\u00bb use_row_as_full_screen_section=\u00a0\u00bbno\u00a0\u00bb type=\u00a0\u00bbfull_width\u00a0\u00bb angled_section=\u00a0\u00bbno\u00a0\u00bb text_align=\u00a0\u00bbleft\u00a0\u00bb background_image_as_pattern=\u00a0\u00bbwithout_pattern\u00a0\u00bb][vc_column][vc_column_text]<\/p>\n<h5>Pillars Trust Fund est un organisme \u00e0 but non lucratif. Pillars Trust Fund <u>ne peut pas et ne fournit pas<\/u> de conseils financiers ou juridiques. Vous devez demander vos propres conseils financiers et juridiques ind\u00e9pendants. Pillars Trust Fund vous encourage \u00e0 parler avec votre famille, votre notaire, votre avocat, votre conseiller financier, votre comptable et toute autre personne ou tout autre professionnel pour vous aider \u00e0 choisir l\u2019option de don planifi\u00e9 appropri\u00e9e \u00e0 votre situation. Si vous n\u2019avez pas de conseiller financier, votre banque pourrait vous aider \u00e0 en trouver un. Si vous n\u2019avez pas de notaire, vous pouvez trouver de l\u2019aide pour en trouver un pr\u00e8s de chez vous par l\u2019entremise de la <em>Chambre des notaires du Qu\u00e9bec<\/em> (<a href=\"http:\/\/www.cnq.org\/en\/\">www.cnq.org\/en\/<\/a>) ou en composant le 1-800-notaire. Si pillars Trust Fund peut \u00eatre d\u2019une autre aide ou si vous souhaitez en discuter avec nous plus en d\u00e9tail, veuillez nous contacter \u00e0 <a href=\"mailto:admin@pillarstrust.org\">admin@pillarstrust.org<\/a><\/h5>\n<p>[\/vc_column_text][\/vc_column][\/vc_row][vc_row css_animation=\u00a0\u00bb\u00a0\u00bb row_type=\u00a0\u00bbrow\u00a0\u00bb use_row_as_full_screen_section=\u00a0\u00bbno\u00a0\u00bb type=\u00a0\u00bbfull_width\u00a0\u00bb angled_section=\u00a0\u00bbno\u00a0\u00bb text_align=\u00a0\u00bbleft\u00a0\u00bb background_image_as_pattern=\u00a0\u00bbwithout_pattern\u00a0\u00bb][vc_column][vc_empty_space height=\u00a0\u00bb84px\u00a0\u00bb][\/vc_column][\/vc_row]<\/p>\n","protected":false},"excerpt":{"rendered":"<p>[vc_row css_animation=\u00a0\u00bb\u00a0\u00bb row_type=\u00a0\u00bbrow\u00a0\u00bb use_row_as_full_screen_section=\u00a0\u00bbno\u00a0\u00bb type=\u00a0\u00bbfull_width\u00a0\u00bb angled_section=\u00a0\u00bbno\u00a0\u00bb text_align=\u00a0\u00bbleft\u00a0\u00bb background_image_as_pattern=\u00a0\u00bbwithout_pattern\u00a0\u00bb][vc_column][vc_empty_space][\/vc_column][\/vc_row][vc_row css_animation=\u00a0\u00bb\u00a0\u00bb row_type=\u00a0\u00bbrow\u00a0\u00bb use_row_as_full_screen_section=\u00a0\u00bbno\u00a0\u00bb type=\u00a0\u00bbfull_width\u00a0\u00bb angled_section=\u00a0\u00bbno\u00a0\u00bb text_align=\u00a0\u00bbleft\u00a0\u00bb background_image_as_pattern=\u00a0\u00bbwithout_pattern\u00a0\u00bb][vc_column][vc_column_text] Il est possible de nommer Pillars Trust Fund comme b\u00e9n\u00e9ficiaire de votre police d\u2019assurance-vie. Cette option signifie que vous continuez \u00e0 \u00eatre propri\u00e9taire de la police et \u00e0 payer les&#8230;<\/p>\n","protected":false},"author":2,"featured_media":0,"parent":1410,"menu_order":0,"comment_status":"closed","ping_status":"closed","template":"","meta":{"footnotes":""},"class_list":["post-1418","page","type-page","status-publish","hentry"],"yoast_head":"<!-- This site is optimized with the Yoast SEO plugin v27.4 - https:\/\/yoast.com\/product\/yoast-seo-wordpress\/ -->\n<title>B\u00e9n\u00e9ficiaire d\u00e9sign\u00e9 - The Pillars Trust Fund<\/title>\n<meta name=\"robots\" content=\"index, follow, max-snippet:-1, max-image-preview:large, max-video-preview:-1\" \/>\n<link rel=\"canonical\" href=\"https:\/\/www.pillarstrust.org\/fr\/dons-planifies\/assurance\/beneficiaire-designe\/\" \/>\n<meta property=\"og:locale\" content=\"fr_CA\" \/>\n<meta property=\"og:type\" content=\"article\" \/>\n<meta property=\"og:title\" content=\"B\u00e9n\u00e9ficiaire d\u00e9sign\u00e9 - The Pillars Trust Fund\" \/>\n<meta property=\"og:description\" content=\"[vc_row css_animation=\u00a0\u00bb\u00a0\u00bb row_type=\u00a0\u00bbrow\u00a0\u00bb use_row_as_full_screen_section=\u00a0\u00bbno\u00a0\u00bb type=\u00a0\u00bbfull_width\u00a0\u00bb angled_section=\u00a0\u00bbno\u00a0\u00bb text_align=\u00a0\u00bbleft\u00a0\u00bb background_image_as_pattern=\u00a0\u00bbwithout_pattern\u00a0\u00bb][vc_column][vc_empty_space][\/vc_column][\/vc_row][vc_row css_animation=\u00a0\u00bb\u00a0\u00bb row_type=\u00a0\u00bbrow\u00a0\u00bb use_row_as_full_screen_section=\u00a0\u00bbno\u00a0\u00bb type=\u00a0\u00bbfull_width\u00a0\u00bb angled_section=\u00a0\u00bbno\u00a0\u00bb text_align=\u00a0\u00bbleft\u00a0\u00bb background_image_as_pattern=\u00a0\u00bbwithout_pattern\u00a0\u00bb][vc_column][vc_column_text] Il est possible de nommer Pillars Trust Fund comme b\u00e9n\u00e9ficiaire de votre police d\u2019assurance-vie. Cette option signifie que vous continuez \u00e0 \u00eatre propri\u00e9taire de la police et \u00e0 payer les...\" \/>\n<meta property=\"og:url\" content=\"https:\/\/www.pillarstrust.org\/fr\/dons-planifies\/assurance\/beneficiaire-designe\/\" \/>\n<meta property=\"og:site_name\" content=\"The Pillars Trust Fund\" \/>\n<meta property=\"article:modified_time\" content=\"2023-10-10T17:20:56+00:00\" \/>\n<meta name=\"twitter:card\" content=\"summary_large_image\" \/>\n<meta name=\"twitter:label1\" content=\"Estimation du temps de lecture\" \/>\n\t<meta name=\"twitter:data1\" content=\"4 minutes\" \/>\n<script type=\"application\/ld+json\" class=\"yoast-schema-graph\">{\"@context\":\"https:\\\/\\\/schema.org\",\"@graph\":[{\"@type\":\"WebPage\",\"@id\":\"https:\\\/\\\/www.pillarstrust.org\\\/fr\\\/dons-planifies\\\/assurance\\\/beneficiaire-designe\\\/\",\"url\":\"https:\\\/\\\/www.pillarstrust.org\\\/fr\\\/dons-planifies\\\/assurance\\\/beneficiaire-designe\\\/\",\"name\":\"B\u00e9n\u00e9ficiaire d\u00e9sign\u00e9 - The Pillars Trust Fund\",\"isPartOf\":{\"@id\":\"https:\\\/\\\/www.pillarstrust.org\\\/fr\\\/#website\"},\"datePublished\":\"2021-03-27T20:37:51+00:00\",\"dateModified\":\"2023-10-10T17:20:56+00:00\",\"breadcrumb\":{\"@id\":\"https:\\\/\\\/www.pillarstrust.org\\\/fr\\\/dons-planifies\\\/assurance\\\/beneficiaire-designe\\\/#breadcrumb\"},\"inLanguage\":\"fr-CA\",\"potentialAction\":[{\"@type\":\"ReadAction\",\"target\":[\"https:\\\/\\\/www.pillarstrust.org\\\/fr\\\/dons-planifies\\\/assurance\\\/beneficiaire-designe\\\/\"]}]},{\"@type\":\"BreadcrumbList\",\"@id\":\"https:\\\/\\\/www.pillarstrust.org\\\/fr\\\/dons-planifies\\\/assurance\\\/beneficiaire-designe\\\/#breadcrumb\",\"itemListElement\":[{\"@type\":\"ListItem\",\"position\":1,\"name\":\"Accueil\",\"item\":\"https:\\\/\\\/www.pillarstrust.org\\\/fr\\\/\"},{\"@type\":\"ListItem\",\"position\":2,\"name\":\"Dons planifi\u00e9s\",\"item\":\"https:\\\/\\\/www.pillarstrust.org\\\/fr\\\/dons-planifies\\\/\"},{\"@type\":\"ListItem\",\"position\":3,\"name\":\"Assurance\",\"item\":\"https:\\\/\\\/www.pillarstrust.org\\\/fr\\\/dons-planifies\\\/assurance\\\/\"},{\"@type\":\"ListItem\",\"position\":4,\"name\":\"B\u00e9n\u00e9ficiaire d\u00e9sign\u00e9\"}]},{\"@type\":\"WebSite\",\"@id\":\"https:\\\/\\\/www.pillarstrust.org\\\/fr\\\/#website\",\"url\":\"https:\\\/\\\/www.pillarstrust.org\\\/fr\\\/\",\"name\":\"The Pillars Trust Fund\",\"description\":\"We Are Catholic Strong\",\"potentialAction\":[{\"@type\":\"SearchAction\",\"target\":{\"@type\":\"EntryPoint\",\"urlTemplate\":\"https:\\\/\\\/www.pillarstrust.org\\\/fr\\\/?s={search_term_string}\"},\"query-input\":{\"@type\":\"PropertyValueSpecification\",\"valueRequired\":true,\"valueName\":\"search_term_string\"}}],\"inLanguage\":\"fr-CA\"}]}<\/script>\n<!-- \/ Yoast SEO plugin. -->","yoast_head_json":{"title":"B\u00e9n\u00e9ficiaire d\u00e9sign\u00e9 - The Pillars Trust Fund","robots":{"index":"index","follow":"follow","max-snippet":"max-snippet:-1","max-image-preview":"max-image-preview:large","max-video-preview":"max-video-preview:-1"},"canonical":"https:\/\/www.pillarstrust.org\/fr\/dons-planifies\/assurance\/beneficiaire-designe\/","og_locale":"fr_CA","og_type":"article","og_title":"B\u00e9n\u00e9ficiaire d\u00e9sign\u00e9 - The Pillars Trust Fund","og_description":"[vc_row css_animation=\u00a0\u00bb\u00a0\u00bb row_type=\u00a0\u00bbrow\u00a0\u00bb use_row_as_full_screen_section=\u00a0\u00bbno\u00a0\u00bb type=\u00a0\u00bbfull_width\u00a0\u00bb angled_section=\u00a0\u00bbno\u00a0\u00bb text_align=\u00a0\u00bbleft\u00a0\u00bb background_image_as_pattern=\u00a0\u00bbwithout_pattern\u00a0\u00bb][vc_column][vc_empty_space][\/vc_column][\/vc_row][vc_row css_animation=\u00a0\u00bb\u00a0\u00bb row_type=\u00a0\u00bbrow\u00a0\u00bb use_row_as_full_screen_section=\u00a0\u00bbno\u00a0\u00bb type=\u00a0\u00bbfull_width\u00a0\u00bb angled_section=\u00a0\u00bbno\u00a0\u00bb text_align=\u00a0\u00bbleft\u00a0\u00bb background_image_as_pattern=\u00a0\u00bbwithout_pattern\u00a0\u00bb][vc_column][vc_column_text] Il est possible de nommer Pillars Trust Fund comme b\u00e9n\u00e9ficiaire de votre police d\u2019assurance-vie. Cette option signifie que vous continuez \u00e0 \u00eatre propri\u00e9taire de la police et \u00e0 payer les...","og_url":"https:\/\/www.pillarstrust.org\/fr\/dons-planifies\/assurance\/beneficiaire-designe\/","og_site_name":"The Pillars Trust Fund","article_modified_time":"2023-10-10T17:20:56+00:00","twitter_card":"summary_large_image","twitter_misc":{"Estimation du temps de lecture":"4 minutes"},"schema":{"@context":"https:\/\/schema.org","@graph":[{"@type":"WebPage","@id":"https:\/\/www.pillarstrust.org\/fr\/dons-planifies\/assurance\/beneficiaire-designe\/","url":"https:\/\/www.pillarstrust.org\/fr\/dons-planifies\/assurance\/beneficiaire-designe\/","name":"B\u00e9n\u00e9ficiaire d\u00e9sign\u00e9 - The Pillars Trust Fund","isPartOf":{"@id":"https:\/\/www.pillarstrust.org\/fr\/#website"},"datePublished":"2021-03-27T20:37:51+00:00","dateModified":"2023-10-10T17:20:56+00:00","breadcrumb":{"@id":"https:\/\/www.pillarstrust.org\/fr\/dons-planifies\/assurance\/beneficiaire-designe\/#breadcrumb"},"inLanguage":"fr-CA","potentialAction":[{"@type":"ReadAction","target":["https:\/\/www.pillarstrust.org\/fr\/dons-planifies\/assurance\/beneficiaire-designe\/"]}]},{"@type":"BreadcrumbList","@id":"https:\/\/www.pillarstrust.org\/fr\/dons-planifies\/assurance\/beneficiaire-designe\/#breadcrumb","itemListElement":[{"@type":"ListItem","position":1,"name":"Accueil","item":"https:\/\/www.pillarstrust.org\/fr\/"},{"@type":"ListItem","position":2,"name":"Dons planifi\u00e9s","item":"https:\/\/www.pillarstrust.org\/fr\/dons-planifies\/"},{"@type":"ListItem","position":3,"name":"Assurance","item":"https:\/\/www.pillarstrust.org\/fr\/dons-planifies\/assurance\/"},{"@type":"ListItem","position":4,"name":"B\u00e9n\u00e9ficiaire d\u00e9sign\u00e9"}]},{"@type":"WebSite","@id":"https:\/\/www.pillarstrust.org\/fr\/#website","url":"https:\/\/www.pillarstrust.org\/fr\/","name":"The Pillars Trust Fund","description":"We Are Catholic Strong","potentialAction":[{"@type":"SearchAction","target":{"@type":"EntryPoint","urlTemplate":"https:\/\/www.pillarstrust.org\/fr\/?s={search_term_string}"},"query-input":{"@type":"PropertyValueSpecification","valueRequired":true,"valueName":"search_term_string"}}],"inLanguage":"fr-CA"}]}},"_links":{"self":[{"href":"https:\/\/www.pillarstrust.org\/fr\/wp-json\/wp\/v2\/pages\/1418","targetHints":{"allow":["GET"]}}],"collection":[{"href":"https:\/\/www.pillarstrust.org\/fr\/wp-json\/wp\/v2\/pages"}],"about":[{"href":"https:\/\/www.pillarstrust.org\/fr\/wp-json\/wp\/v2\/types\/page"}],"author":[{"embeddable":true,"href":"https:\/\/www.pillarstrust.org\/fr\/wp-json\/wp\/v2\/users\/2"}],"replies":[{"embeddable":true,"href":"https:\/\/www.pillarstrust.org\/fr\/wp-json\/wp\/v2\/comments?post=1418"}],"version-history":[{"count":2,"href":"https:\/\/www.pillarstrust.org\/fr\/wp-json\/wp\/v2\/pages\/1418\/revisions"}],"predecessor-version":[{"id":1425,"href":"https:\/\/www.pillarstrust.org\/fr\/wp-json\/wp\/v2\/pages\/1418\/revisions\/1425"}],"up":[{"embeddable":true,"href":"https:\/\/www.pillarstrust.org\/fr\/wp-json\/wp\/v2\/pages\/1410"}],"wp:attachment":[{"href":"https:\/\/www.pillarstrust.org\/fr\/wp-json\/wp\/v2\/media?parent=1418"}],"curies":[{"name":"wp","href":"https:\/\/api.w.org\/{rel}","templated":true}]}}