{"id":1438,"date":"2021-03-20T17:29:49","date_gmt":"2021-03-20T21:29:49","guid":{"rendered":"https:\/\/www.pillarstrust.org\/dons-planifies\/valeurs-mobilieres\/"},"modified":"2023-10-13T09:05:08","modified_gmt":"2023-10-13T13:05:08","slug":"valeurs-mobilieres","status":"publish","type":"page","link":"https:\/\/www.pillarstrust.org\/fr\/dons-planifies\/valeurs-mobilieres\/","title":{"rendered":"Valeurs mobili\u00e8res"},"content":{"rendered":"<p>[vc_row css_animation=\u00a0\u00bb\u00a0\u00bb row_type=\u00a0\u00bbrow\u00a0\u00bb use_row_as_full_screen_section=\u00a0\u00bbno\u00a0\u00bb type=\u00a0\u00bbfull_width\u00a0\u00bb angled_section=\u00a0\u00bbno\u00a0\u00bb text_align=\u00a0\u00bbleft\u00a0\u00bb background_image_as_pattern=\u00a0\u00bbwithout_pattern\u00a0\u00bb][vc_column][vc_empty_space][\/vc_column][\/vc_row][vc_row css_animation=\u00a0\u00bb\u00a0\u00bb row_type=\u00a0\u00bbrow\u00a0\u00bb use_row_as_full_screen_section=\u00a0\u00bbno\u00a0\u00bb type=\u00a0\u00bbfull_width\u00a0\u00bb angled_section=\u00a0\u00bbno\u00a0\u00bb text_align=\u00a0\u00bbleft\u00a0\u00bb background_image_as_pattern=\u00a0\u00bbwithout_pattern\u00a0\u00bb][vc_column][vc_widget_sidebar][vc_column_text]<\/p>\n<h4>Les titres cot\u00e9s en bourse, comme les actions, les obligations et les parts de fonds d\u2019investissement, peuvent \u00eatre directement donn\u00e9s au Pillars Trust Fund <u>en tout temps<\/u> et vous permettre de b\u00e9n\u00e9ficier d\u2019un re\u00e7u fiscal pour dons de bienfaisance. Ce don peut \u00e9quivaloir \u00e0 un re\u00e7u fiscal de plus grande valeur que si vous avez vendu le titre et fait un don de l\u2019argent, en raison de l\u2019absence d\u2019un gain en capital.<\/h4>\n<p>[\/vc_column_text][\/vc_column][\/vc_row][vc_row css_animation=\u00a0\u00bb\u00a0\u00bb row_type=\u00a0\u00bbrow\u00a0\u00bb use_row_as_full_screen_section=\u00a0\u00bbno\u00a0\u00bb type=\u00a0\u00bbfull_width\u00a0\u00bb angled_section=\u00a0\u00bbno\u00a0\u00bb text_align=\u00a0\u00bbleft\u00a0\u00bb background_image_as_pattern=\u00a0\u00bbwithout_pattern\u00a0\u00bb][vc_column][vc_empty_space height=\u00a0\u00bb20px\u00a0\u00bb][\/vc_column][\/vc_row][vc_row css_animation=\u00a0\u00bb\u00a0\u00bb row_type=\u00a0\u00bbrow\u00a0\u00bb use_row_as_full_screen_section=\u00a0\u00bbno\u00a0\u00bb type=\u00a0\u00bbfull_width\u00a0\u00bb angled_section=\u00a0\u00bbno\u00a0\u00bb text_align=\u00a0\u00bbleft\u00a0\u00bb background_image_as_pattern=\u00a0\u00bbwithout_pattern\u00a0\u00bb][vc_column width=\u00a0\u00bb3\/4&Prime;][vc_column_text]<\/p>\n<h4>Veuillez consulter votre conseiller financier et juridique ind\u00e9pendant, ou toute personne que vous utilisez pour g\u00e9rer votre portefeuille de titres afin d\u2019organiser tout transfert \u00e0 un organisme de bienfaisance.<\/h4>\n<p>[\/vc_column_text][\/vc_column][\/vc_row][vc_row css_animation=\u00a0\u00bb\u00a0\u00bb row_type=\u00a0\u00bbrow\u00a0\u00bb use_row_as_full_screen_section=\u00a0\u00bbno\u00a0\u00bb type=\u00a0\u00bbfull_width\u00a0\u00bb angled_section=\u00a0\u00bbno\u00a0\u00bb text_align=\u00a0\u00bbleft\u00a0\u00bb background_image_as_pattern=\u00a0\u00bbwithout_pattern\u00a0\u00bb][vc_column][vc_empty_space height=\u00a0\u00bb50px\u00a0\u00bb][\/vc_column][\/vc_row][vc_row css_animation=\u00a0\u00bb\u00a0\u00bb row_type=\u00a0\u00bbrow\u00a0\u00bb use_row_as_full_screen_section=\u00a0\u00bbno\u00a0\u00bb type=\u00a0\u00bbfull_width\u00a0\u00bb angled_section=\u00a0\u00bbno\u00a0\u00bb text_align=\u00a0\u00bbleft\u00a0\u00bb background_image_as_pattern=\u00a0\u00bbwithout_pattern\u00a0\u00bb][vc_column width=\u00a0\u00bb1\/4&Prime;][vc_column_text]<strong>Voici un <span style=\"color: #ff0000;\">exemple<\/span> bas\u00e9 sur <span style=\"color: #ff0000;\">de faux taux d\u2019imposition<\/span>, illustrant le co\u00fbt diff\u00e9rent entre le don via un transfert du titre par rapport \u00e0 une vente et un don ult\u00e9rieur au Pillars Trust Fund du montant re\u00e7u du titre. <\/strong>[\/vc_column_text][\/vc_column][vc_column width=\u00a0\u00bb1\/4&Prime;][vc_single_image image=\u00a0\u00bb1332&Prime; img_size=\u00a0\u00bb550 x 700&Prime; qode_css_animation=\u00a0\u00bb\u00a0\u00bb][\/vc_column][vc_column width=\u00a0\u00bb1\/4&Prime;][vc_single_image image=\u00a0\u00bb1333&Prime; img_size=\u00a0\u00bb550 x 700&Prime; qode_css_animation=\u00a0\u00bb\u00a0\u00bb][\/vc_column][vc_column width=\u00a0\u00bb1\/4&Prime;][vc_widget_sidebar sidebar_id=\u00a0\u00bbPlanned Giving Widget\u00a0\u00bb][\/vc_column][\/vc_row][vc_row css_animation=\u00a0\u00bb\u00a0\u00bb row_type=\u00a0\u00bbrow\u00a0\u00bb use_row_as_full_screen_section=\u00a0\u00bbno\u00a0\u00bb type=\u00a0\u00bbfull_width\u00a0\u00bb angled_section=\u00a0\u00bbno\u00a0\u00bb text_align=\u00a0\u00bbleft\u00a0\u00bb background_image_as_pattern=\u00a0\u00bbwithout_pattern\u00a0\u00bb][vc_column][vc_empty_space height=\u00a0\u00bb50px\u00a0\u00bb][\/vc_column][\/vc_row][vc_row css_animation=\u00a0\u00bb\u00a0\u00bb row_type=\u00a0\u00bbrow\u00a0\u00bb use_row_as_full_screen_section=\u00a0\u00bbno\u00a0\u00bb type=\u00a0\u00bbfull_width\u00a0\u00bb angled_section=\u00a0\u00bbno\u00a0\u00bb text_align=\u00a0\u00bbleft\u00a0\u00bb background_image_as_pattern=\u00a0\u00bbwithout_pattern\u00a0\u00bb][vc_column width=\u00a0\u00bb1\/5&Prime;][\/vc_column][vc_column width=\u00a0\u00bb1\/5&Prime;][\/vc_column][vc_column width=\u00a0\u00bb1\/5&Prime;][\/vc_column][vc_column width=\u00a0\u00bb1\/5&Prime;][\/vc_column][vc_column width=\u00a0\u00bb1\/5&Prime;][\/vc_column][\/vc_row][vc_row css_animation=\u00a0\u00bb\u00a0\u00bb row_type=\u00a0\u00bbrow\u00a0\u00bb use_row_as_full_screen_section=\u00a0\u00bbno\u00a0\u00bb type=\u00a0\u00bbfull_width\u00a0\u00bb angled_section=\u00a0\u00bbno\u00a0\u00bb text_align=\u00a0\u00bbleft\u00a0\u00bb background_image_as_pattern=\u00a0\u00bbwithout_pattern\u00a0\u00bb][vc_column][vc_empty_space height=\u00a0\u00bb104px\u00a0\u00bb][\/vc_column][\/vc_row][vc_row css_animation=\u00a0\u00bb\u00a0\u00bb row_type=\u00a0\u00bbrow\u00a0\u00bb use_row_as_full_screen_section=\u00a0\u00bbno\u00a0\u00bb type=\u00a0\u00bbfull_width\u00a0\u00bb angled_section=\u00a0\u00bbno\u00a0\u00bb text_align=\u00a0\u00bbleft\u00a0\u00bb background_image_as_pattern=\u00a0\u00bbwithout_pattern\u00a0\u00bb][vc_column][vc_separator type=\u00a0\u00bbnormal\u00a0\u00bb color=\u00a0\u00bb#448256&Prime;][\/vc_column][\/vc_row][vc_row css_animation=\u00a0\u00bb\u00a0\u00bb row_type=\u00a0\u00bbrow\u00a0\u00bb use_row_as_full_screen_section=\u00a0\u00bbno\u00a0\u00bb type=\u00a0\u00bbfull_width\u00a0\u00bb angled_section=\u00a0\u00bbno\u00a0\u00bb text_align=\u00a0\u00bbleft\u00a0\u00bb background_image_as_pattern=\u00a0\u00bbwithout_pattern\u00a0\u00bb][vc_column][vc_column_text]<\/p>\n<h5>Pillars Trust Fund est un organisme \u00e0 but non lucratif. Pillars Trust Fund <u>ne peut pas et ne fournit pas<\/u> de conseils financiers ou juridiques. Vous devez demander vos propres conseils financiers et juridiques ind\u00e9pendants. Pillars Trust Fund vous encourage \u00e0 parler avec votre famille, votre notaire, votre avocat, votre conseiller financier, votre comptable et toute autre personne ou tout autre professionnel pour vous aider \u00e0 choisir l\u2019option de don planifi\u00e9 appropri\u00e9e \u00e0 votre situation. Si vous n\u2019avez pas de conseiller financier, votre banque pourrait vous aider \u00e0 en trouver un. Si vous n\u2019avez pas de notaire, vous pouvez trouver de l\u2019aide pour en trouver un pr\u00e8s de chez vous par l\u2019entremise de la <em>Chambre des notaires du Qu\u00e9bec<\/em> (<a href=\"https:\/\/www.cnq.org\/\" target=\"_blank\" rel=\"noopener\">www.cnq.org<\/a>) ou en composant le 1-800-notaire. Si pillars Trust Fund peut \u00eatre d\u2019une autre aide ou si vous souhaitez en discuter avec nous plus en d\u00e9tail, veuillez nous contacter \u00e0 <a href=\"mailto:admin@pillarstrust.org\">admin@pillarstrust.org<\/a><\/h5>\n<p>[\/vc_column_text][\/vc_column][\/vc_row][vc_row css_animation=\u00a0\u00bb\u00a0\u00bb row_type=\u00a0\u00bbrow\u00a0\u00bb use_row_as_full_screen_section=\u00a0\u00bbno\u00a0\u00bb type=\u00a0\u00bbfull_width\u00a0\u00bb angled_section=\u00a0\u00bbno\u00a0\u00bb text_align=\u00a0\u00bbleft\u00a0\u00bb background_image_as_pattern=\u00a0\u00bbwithout_pattern\u00a0\u00bb][vc_column][vc_empty_space height=\u00a0\u00bb84px\u00a0\u00bb][\/vc_column][\/vc_row]<\/p>\n","protected":false},"excerpt":{"rendered":"<p>[vc_row css_animation=\u00a0\u00bb\u00a0\u00bb row_type=\u00a0\u00bbrow\u00a0\u00bb use_row_as_full_screen_section=\u00a0\u00bbno\u00a0\u00bb type=\u00a0\u00bbfull_width\u00a0\u00bb angled_section=\u00a0\u00bbno\u00a0\u00bb text_align=\u00a0\u00bbleft\u00a0\u00bb background_image_as_pattern=\u00a0\u00bbwithout_pattern\u00a0\u00bb][vc_column][vc_empty_space][\/vc_column][\/vc_row][vc_row css_animation=\u00a0\u00bb\u00a0\u00bb row_type=\u00a0\u00bbrow\u00a0\u00bb use_row_as_full_screen_section=\u00a0\u00bbno\u00a0\u00bb type=\u00a0\u00bbfull_width\u00a0\u00bb angled_section=\u00a0\u00bbno\u00a0\u00bb text_align=\u00a0\u00bbleft\u00a0\u00bb background_image_as_pattern=\u00a0\u00bbwithout_pattern\u00a0\u00bb][vc_column][vc_widget_sidebar][vc_column_text] Les titres cot\u00e9s en bourse, comme les actions, les obligations et les parts de fonds d\u2019investissement, peuvent \u00eatre directement donn\u00e9s au Pillars Trust Fund en tout temps et vous permettre&#8230;<\/p>\n","protected":false},"author":2,"featured_media":0,"parent":1385,"menu_order":0,"comment_status":"closed","ping_status":"closed","template":"","meta":{"footnotes":""},"class_list":["post-1438","page","type-page","status-publish","hentry"],"yoast_head":"<!-- This site is optimized with the Yoast SEO plugin v26.2 - https:\/\/yoast.com\/wordpress\/plugins\/seo\/ -->\n<title>Valeurs mobili\u00e8res - The Pillars Trust Fund<\/title>\n<meta name=\"robots\" content=\"index, follow, max-snippet:-1, max-image-preview:large, max-video-preview:-1\" \/>\n<link rel=\"canonical\" href=\"https:\/\/www.pillarstrust.org\/fr\/dons-planifies\/valeurs-mobilieres\/\" \/>\n<meta property=\"og:locale\" content=\"fr_CA\" \/>\n<meta property=\"og:type\" content=\"article\" \/>\n<meta property=\"og:title\" content=\"Valeurs mobili\u00e8res - The Pillars Trust Fund\" \/>\n<meta property=\"og:description\" content=\"[vc_row css_animation=\u00a0\u00bb\u00a0\u00bb row_type=\u00a0\u00bbrow\u00a0\u00bb use_row_as_full_screen_section=\u00a0\u00bbno\u00a0\u00bb type=\u00a0\u00bbfull_width\u00a0\u00bb angled_section=\u00a0\u00bbno\u00a0\u00bb text_align=\u00a0\u00bbleft\u00a0\u00bb background_image_as_pattern=\u00a0\u00bbwithout_pattern\u00a0\u00bb][vc_column][vc_empty_space][\/vc_column][\/vc_row][vc_row css_animation=\u00a0\u00bb\u00a0\u00bb row_type=\u00a0\u00bbrow\u00a0\u00bb use_row_as_full_screen_section=\u00a0\u00bbno\u00a0\u00bb type=\u00a0\u00bbfull_width\u00a0\u00bb angled_section=\u00a0\u00bbno\u00a0\u00bb text_align=\u00a0\u00bbleft\u00a0\u00bb background_image_as_pattern=\u00a0\u00bbwithout_pattern\u00a0\u00bb][vc_column][vc_widget_sidebar][vc_column_text] Les titres cot\u00e9s en bourse, comme les actions, les obligations et les parts de fonds d\u2019investissement, peuvent \u00eatre directement donn\u00e9s au Pillars Trust Fund en tout temps et vous permettre...\" \/>\n<meta property=\"og:url\" content=\"https:\/\/www.pillarstrust.org\/fr\/dons-planifies\/valeurs-mobilieres\/\" \/>\n<meta property=\"og:site_name\" content=\"The Pillars Trust Fund\" \/>\n<meta property=\"article:modified_time\" content=\"2023-10-13T13:05:08+00:00\" \/>\n<meta name=\"twitter:card\" content=\"summary_large_image\" \/>\n<meta name=\"twitter:label1\" content=\"Estimation du temps de lecture\" \/>\n\t<meta name=\"twitter:data1\" content=\"2 minutes\" \/>\n<script type=\"application\/ld+json\" class=\"yoast-schema-graph\">{\"@context\":\"https:\/\/schema.org\",\"@graph\":[{\"@type\":\"WebPage\",\"@id\":\"https:\/\/www.pillarstrust.org\/fr\/dons-planifies\/valeurs-mobilieres\/\",\"url\":\"https:\/\/www.pillarstrust.org\/fr\/dons-planifies\/valeurs-mobilieres\/\",\"name\":\"Valeurs mobili\u00e8res - The Pillars Trust Fund\",\"isPartOf\":{\"@id\":\"https:\/\/www.pillarstrust.org\/fr\/#website\"},\"datePublished\":\"2021-03-20T21:29:49+00:00\",\"dateModified\":\"2023-10-13T13:05:08+00:00\",\"breadcrumb\":{\"@id\":\"https:\/\/www.pillarstrust.org\/fr\/dons-planifies\/valeurs-mobilieres\/#breadcrumb\"},\"inLanguage\":\"fr-CA\",\"potentialAction\":[{\"@type\":\"ReadAction\",\"target\":[\"https:\/\/www.pillarstrust.org\/fr\/dons-planifies\/valeurs-mobilieres\/\"]}]},{\"@type\":\"BreadcrumbList\",\"@id\":\"https:\/\/www.pillarstrust.org\/fr\/dons-planifies\/valeurs-mobilieres\/#breadcrumb\",\"itemListElement\":[{\"@type\":\"ListItem\",\"position\":1,\"name\":\"Accueil\",\"item\":\"https:\/\/www.pillarstrust.org\/fr\/\"},{\"@type\":\"ListItem\",\"position\":2,\"name\":\"Dons planifi\u00e9s\",\"item\":\"https:\/\/www.pillarstrust.org\/fr\/dons-planifies\/\"},{\"@type\":\"ListItem\",\"position\":3,\"name\":\"Valeurs mobili\u00e8res\"}]},{\"@type\":\"WebSite\",\"@id\":\"https:\/\/www.pillarstrust.org\/fr\/#website\",\"url\":\"https:\/\/www.pillarstrust.org\/fr\/\",\"name\":\"The Pillars Trust Fund\",\"description\":\"We Are Catholic Strong\",\"potentialAction\":[{\"@type\":\"SearchAction\",\"target\":{\"@type\":\"EntryPoint\",\"urlTemplate\":\"https:\/\/www.pillarstrust.org\/fr\/?s={search_term_string}\"},\"query-input\":{\"@type\":\"PropertyValueSpecification\",\"valueRequired\":true,\"valueName\":\"search_term_string\"}}],\"inLanguage\":\"fr-CA\"}]}<\/script>\n<!-- \/ Yoast SEO plugin. -->","yoast_head_json":{"title":"Valeurs mobili\u00e8res - The Pillars Trust Fund","robots":{"index":"index","follow":"follow","max-snippet":"max-snippet:-1","max-image-preview":"max-image-preview:large","max-video-preview":"max-video-preview:-1"},"canonical":"https:\/\/www.pillarstrust.org\/fr\/dons-planifies\/valeurs-mobilieres\/","og_locale":"fr_CA","og_type":"article","og_title":"Valeurs mobili\u00e8res - The Pillars Trust Fund","og_description":"[vc_row css_animation=\u00a0\u00bb\u00a0\u00bb row_type=\u00a0\u00bbrow\u00a0\u00bb use_row_as_full_screen_section=\u00a0\u00bbno\u00a0\u00bb type=\u00a0\u00bbfull_width\u00a0\u00bb angled_section=\u00a0\u00bbno\u00a0\u00bb text_align=\u00a0\u00bbleft\u00a0\u00bb background_image_as_pattern=\u00a0\u00bbwithout_pattern\u00a0\u00bb][vc_column][vc_empty_space][\/vc_column][\/vc_row][vc_row css_animation=\u00a0\u00bb\u00a0\u00bb row_type=\u00a0\u00bbrow\u00a0\u00bb use_row_as_full_screen_section=\u00a0\u00bbno\u00a0\u00bb type=\u00a0\u00bbfull_width\u00a0\u00bb angled_section=\u00a0\u00bbno\u00a0\u00bb text_align=\u00a0\u00bbleft\u00a0\u00bb background_image_as_pattern=\u00a0\u00bbwithout_pattern\u00a0\u00bb][vc_column][vc_widget_sidebar][vc_column_text] Les titres cot\u00e9s en bourse, comme les actions, les obligations et les parts de fonds d\u2019investissement, peuvent \u00eatre directement donn\u00e9s au Pillars Trust Fund en tout temps et vous permettre...","og_url":"https:\/\/www.pillarstrust.org\/fr\/dons-planifies\/valeurs-mobilieres\/","og_site_name":"The Pillars Trust Fund","article_modified_time":"2023-10-13T13:05:08+00:00","twitter_card":"summary_large_image","twitter_misc":{"Estimation du temps de lecture":"2 minutes"},"schema":{"@context":"https:\/\/schema.org","@graph":[{"@type":"WebPage","@id":"https:\/\/www.pillarstrust.org\/fr\/dons-planifies\/valeurs-mobilieres\/","url":"https:\/\/www.pillarstrust.org\/fr\/dons-planifies\/valeurs-mobilieres\/","name":"Valeurs mobili\u00e8res - The Pillars Trust Fund","isPartOf":{"@id":"https:\/\/www.pillarstrust.org\/fr\/#website"},"datePublished":"2021-03-20T21:29:49+00:00","dateModified":"2023-10-13T13:05:08+00:00","breadcrumb":{"@id":"https:\/\/www.pillarstrust.org\/fr\/dons-planifies\/valeurs-mobilieres\/#breadcrumb"},"inLanguage":"fr-CA","potentialAction":[{"@type":"ReadAction","target":["https:\/\/www.pillarstrust.org\/fr\/dons-planifies\/valeurs-mobilieres\/"]}]},{"@type":"BreadcrumbList","@id":"https:\/\/www.pillarstrust.org\/fr\/dons-planifies\/valeurs-mobilieres\/#breadcrumb","itemListElement":[{"@type":"ListItem","position":1,"name":"Accueil","item":"https:\/\/www.pillarstrust.org\/fr\/"},{"@type":"ListItem","position":2,"name":"Dons planifi\u00e9s","item":"https:\/\/www.pillarstrust.org\/fr\/dons-planifies\/"},{"@type":"ListItem","position":3,"name":"Valeurs mobili\u00e8res"}]},{"@type":"WebSite","@id":"https:\/\/www.pillarstrust.org\/fr\/#website","url":"https:\/\/www.pillarstrust.org\/fr\/","name":"The Pillars Trust Fund","description":"We Are Catholic Strong","potentialAction":[{"@type":"SearchAction","target":{"@type":"EntryPoint","urlTemplate":"https:\/\/www.pillarstrust.org\/fr\/?s={search_term_string}"},"query-input":{"@type":"PropertyValueSpecification","valueRequired":true,"valueName":"search_term_string"}}],"inLanguage":"fr-CA"}]}},"_links":{"self":[{"href":"https:\/\/www.pillarstrust.org\/fr\/wp-json\/wp\/v2\/pages\/1438","targetHints":{"allow":["GET"]}}],"collection":[{"href":"https:\/\/www.pillarstrust.org\/fr\/wp-json\/wp\/v2\/pages"}],"about":[{"href":"https:\/\/www.pillarstrust.org\/fr\/wp-json\/wp\/v2\/types\/page"}],"author":[{"embeddable":true,"href":"https:\/\/www.pillarstrust.org\/fr\/wp-json\/wp\/v2\/users\/2"}],"replies":[{"embeddable":true,"href":"https:\/\/www.pillarstrust.org\/fr\/wp-json\/wp\/v2\/comments?post=1438"}],"version-history":[{"count":2,"href":"https:\/\/www.pillarstrust.org\/fr\/wp-json\/wp\/v2\/pages\/1438\/revisions"}],"predecessor-version":[{"id":1466,"href":"https:\/\/www.pillarstrust.org\/fr\/wp-json\/wp\/v2\/pages\/1438\/revisions\/1466"}],"up":[{"embeddable":true,"href":"https:\/\/www.pillarstrust.org\/fr\/wp-json\/wp\/v2\/pages\/1385"}],"wp:attachment":[{"href":"https:\/\/www.pillarstrust.org\/fr\/wp-json\/wp\/v2\/media?parent=1438"}],"curies":[{"name":"wp","href":"https:\/\/api.w.org\/{rel}","templated":true}]}}