{"id":1442,"date":"2018-10-19T14:52:42","date_gmt":"2018-10-19T18:52:42","guid":{"rendered":"https:\/\/www.pillarstrust.org\/plan-de-site\/"},"modified":"2023-10-10T13:29:00","modified_gmt":"2023-10-10T17:29:00","slug":"plan-de-site","status":"publish","type":"page","link":"https:\/\/www.pillarstrust.org\/fr\/plan-de-site\/","title":{"rendered":"Plan de site"},"content":{"rendered":"<p>[vc_row css_animation=\u00a0\u00bb\u00a0\u00bb row_type=\u00a0\u00bbrow\u00a0\u00bb use_row_as_full_screen_section=\u00a0\u00bbno\u00a0\u00bb type=\u00a0\u00bbfull_width\u00a0\u00bb angled_section=\u00a0\u00bbno\u00a0\u00bb text_align=\u00a0\u00bbleft\u00a0\u00bb background_image_as_pattern=\u00a0\u00bbwithout_pattern\u00a0\u00bb css=\u00a0\u00bb.vc_custom_1539960836790{padding-top: 20px !important;padding-bottom: 50px !important;}\u00a0\u00bb z_index=\u00a0\u00bb\u00a0\u00bb][vc_column][vc_column_text]<\/p>\n<div class=\"list_sitemap\" style=\"flex-direction: row; flex-wrap: wrap; display: flex; justify-content: space-around; align-self: flex-start;\">\n<div style=\"flex-basis: 50%;\">\n<div class=\"wsp-container\"><h2 class=\"wsp-pages-title\">Pages<\/h2>\n<ul class=\"wsp-pages-list\">\n<li class=\"page_item page-item-1345 page_item_has_children\"><a href=\"https:\/\/www.pillarstrust.org\/fr\/a-propos\/\">\u00c0 propos<\/a>\n<ul class='children'>\n\t<li class=\"page_item page-item-1351\"><a href=\"https:\/\/www.pillarstrust.org\/fr\/a-propos\/bulletin-dinformation\/\">Bulletin d\u2019information<\/a><\/li>\n\t<li class=\"page_item page-item-1445\"><a href=\"https:\/\/www.pillarstrust.org\/fr\/a-propos\/conseil-dadministration\/\">Conseil d\u2019administration<\/a><\/li>\n\t<li class=\"page_item page-item-1348\"><a href=\"https:\/\/www.pillarstrust.org\/fr\/a-propos\/histoire\/\">Histoire<\/a><\/li>\n<\/ul>\n<\/li>\n<li class=\"page_item page-item-1376\"><a href=\"https:\/\/www.pillarstrust.org\/fr\/\">Accueil<\/a><\/li>\n<li class=\"page_item page-item-1354\"><a href=\"https:\/\/www.pillarstrust.org\/fr\/contactez-nous\/\">Contactez-nous<\/a><\/li>\n<li class=\"page_item page-item-1357\"><a href=\"https:\/\/www.pillarstrust.org\/fr\/decouvrez-les-options\/\">D\u00e9couvrez les options<\/a><\/li>\n<li class=\"page_item page-item-1385 page_item_has_children\"><a href=\"https:\/\/www.pillarstrust.org\/fr\/dons-planifies\/\">Dons planifi\u00e9s<\/a>\n<ul class='children'>\n\t<li class=\"page_item page-item-1410 page_item_has_children\"><a href=\"https:\/\/www.pillarstrust.org\/fr\/dons-planifies\/assurance\/\">Assurance<\/a>\n\t<ul class='children'>\n\t\t<li class=\"page_item page-item-1418\"><a href=\"https:\/\/www.pillarstrust.org\/fr\/dons-planifies\/assurance\/beneficiaire-designe\/\">B\u00e9n\u00e9ficiaire d\u00e9sign\u00e9<\/a><\/li>\n\t\t<li class=\"page_item page-item-1426\"><a href=\"https:\/\/www.pillarstrust.org\/fr\/dons-planifies\/assurance\/nouvelle-police\/\">Nouvelle police<\/a><\/li>\n\t\t<li class=\"page_item page-item-1414\"><a href=\"https:\/\/www.pillarstrust.org\/fr\/dons-planifies\/assurance\/produit-du-legs\/\">Produit du legs<\/a><\/li>\n\t\t<li class=\"page_item page-item-1430\"><a href=\"https:\/\/www.pillarstrust.org\/fr\/dons-planifies\/assurance\/transfert-dune-police\/\">Transfert d\u2019une police<\/a><\/li>\n\t<\/ul>\n<\/li>\n\t<li class=\"page_item page-item-1434\"><a href=\"https:\/\/www.pillarstrust.org\/fr\/dons-planifies\/faits-en-bref\/\">Faits en bref<\/a><\/li>\n\t<li class=\"page_item page-item-1386 page_item_has_children\"><a href=\"https:\/\/www.pillarstrust.org\/fr\/dons-planifies\/legs\/\">Legs<\/a>\n\t<ul class='children'>\n\t\t<li class=\"page_item page-item-1394\"><a href=\"https:\/\/www.pillarstrust.org\/fr\/dons-planifies\/legs\/heritage-conditionnel\/\">H\u00e9ritage conditionnel<\/a><\/li>\n\t\t<li class=\"page_item page-item-1398\"><a href=\"https:\/\/www.pillarstrust.org\/fr\/dons-planifies\/legs\/heritage-particulier\/\">H\u00e9ritage particulier<\/a><\/li>\n\t\t<li class=\"page_item page-item-1402\"><a href=\"https:\/\/www.pillarstrust.org\/fr\/dons-planifies\/legs\/heritage-universel\/\">H\u00e9ritage universel<\/a><\/li>\n\t\t<li class=\"page_item page-item-1406\"><a href=\"https:\/\/www.pillarstrust.org\/fr\/dons-planifies\/legs\/residu-universel\/\">R\u00e9sidu universel<\/a><\/li>\n\t<\/ul>\n<\/li>\n\t<li class=\"page_item page-item-1438\"><a href=\"https:\/\/www.pillarstrust.org\/fr\/dons-planifies\/valeurs-mobilieres\/\">Valeurs mobili\u00e8res<\/a><\/li>\n<\/ul>\n<\/li>\n<li class=\"page_item page-item-1361 page_item_has_children\"><a href=\"https:\/\/www.pillarstrust.org\/fr\/faire-un-don\/\">Faire un don<\/a>\n<ul class='children'>\n\t<li class=\"page_item page-item-1365\"><a href=\"https:\/\/www.pillarstrust.org\/fr\/faire-un-don\/avantages-fiscaux\/\">Avantages fiscaux<\/a><\/li>\n\t<li class=\"page_item page-item-1368\"><a href=\"https:\/\/www.pillarstrust.org\/fr\/faire-un-don\/facons-de-donner\/\">Fa\u00e7ons de donner<\/a><\/li>\n\t<li class=\"page_item page-item-1362\"><a href=\"https:\/\/www.pillarstrust.org\/fr\/faire-un-don\/impliquez-vous\/\">Impliquez-vous<\/a><\/li>\n\t<li class=\"page_item page-item-1371\"><a href=\"https:\/\/www.pillarstrust.org\/fr\/faire-un-don\/pourquoi-donner\/\">Pourquoi donner<\/a><\/li>\n<\/ul>\n<\/li>\n<li class=\"page_item page-item-1374\"><a href=\"https:\/\/www.pillarstrust.org\/fr\/galerie-de-photos\/\">Galerie de photos<\/a><\/li>\n<li class=\"page_item page-item-1381\"><a href=\"https:\/\/www.pillarstrust.org\/fr\/nos-beneficiaires\/\">Nos b\u00e9n\u00e9ficiaires<\/a><\/li>\n<li class=\"page_item page-item-1380\"><a href=\"https:\/\/www.pillarstrust.org\/fr\/nouvelles\/\">Nouvelles<\/a><\/li>\n<li class=\"page_item page-item-1442\"><a href=\"https:\/\/www.pillarstrust.org\/fr\/plan-de-site\/\">Plan de site<\/a><\/li>\n<\/ul>\n<\/div><\/div>\n<div style=\"flex-basis: 50%;\">\n<div class=\"wsp-container\"><\/div><\/div>\n<\/div>\n<p>[\/vc_column_text][\/vc_column][\/vc_row]<\/p>\n","protected":false},"excerpt":{"rendered":"<p>[vc_row css_animation=\u00a0\u00bb\u00a0\u00bb row_type=\u00a0\u00bbrow\u00a0\u00bb use_row_as_full_screen_section=\u00a0\u00bbno\u00a0\u00bb type=\u00a0\u00bbfull_width\u00a0\u00bb angled_section=\u00a0\u00bbno\u00a0\u00bb text_align=\u00a0\u00bbleft\u00a0\u00bb background_image_as_pattern=\u00a0\u00bbwithout_pattern\u00a0\u00bb css=\u00a0\u00bb.vc_custom_1539960836790{padding-top: 20px !important;padding-bottom: 50px !important;}\u00a0\u00bb z_index=\u00a0\u00bb\u00a0\u00bb][vc_column][vc_column_text] [\/vc_column_text][\/vc_column][\/vc_row]<\/p>\n","protected":false},"author":2,"featured_media":0,"parent":0,"menu_order":0,"comment_status":"closed","ping_status":"closed","template":"","meta":{"footnotes":""},"class_list":["post-1442","page","type-page","status-publish","hentry"],"yoast_head":"<!-- This site is optimized with the Yoast SEO plugin v26.2 - https:\/\/yoast.com\/wordpress\/plugins\/seo\/ -->\n<title>Plan de site - The Pillars Trust Fund<\/title>\n<meta name=\"robots\" content=\"index, follow, max-snippet:-1, max-image-preview:large, max-video-preview:-1\" \/>\n<link rel=\"canonical\" href=\"https:\/\/www.pillarstrust.org\/fr\/plan-de-site\/\" \/>\n<meta property=\"og:locale\" content=\"fr_CA\" \/>\n<meta property=\"og:type\" content=\"article\" \/>\n<meta property=\"og:title\" content=\"Plan de site - The Pillars Trust Fund\" \/>\n<meta property=\"og:description\" content=\"[vc_row css_animation=\u00a0\u00bb\u00a0\u00bb row_type=\u00a0\u00bbrow\u00a0\u00bb use_row_as_full_screen_section=\u00a0\u00bbno\u00a0\u00bb type=\u00a0\u00bbfull_width\u00a0\u00bb angled_section=\u00a0\u00bbno\u00a0\u00bb text_align=\u00a0\u00bbleft\u00a0\u00bb background_image_as_pattern=\u00a0\u00bbwithout_pattern\u00a0\u00bb css=\u00a0\u00bb.vc_custom_1539960836790{padding-top: 20px !important;padding-bottom: 50px !important;}\u00a0\u00bb z_index=\u00a0\u00bb\u00a0\u00bb][vc_column][vc_column_text] [\/vc_column_text][\/vc_column][\/vc_row]\" \/>\n<meta property=\"og:url\" content=\"https:\/\/www.pillarstrust.org\/fr\/plan-de-site\/\" \/>\n<meta property=\"og:site_name\" content=\"The Pillars Trust Fund\" \/>\n<meta property=\"article:modified_time\" content=\"2023-10-10T17:29:00+00:00\" \/>\n<meta name=\"twitter:card\" content=\"summary_large_image\" \/>\n<script type=\"application\/ld+json\" class=\"yoast-schema-graph\">{\"@context\":\"https:\/\/schema.org\",\"@graph\":[{\"@type\":\"WebPage\",\"@id\":\"https:\/\/www.pillarstrust.org\/fr\/plan-de-site\/\",\"url\":\"https:\/\/www.pillarstrust.org\/fr\/plan-de-site\/\",\"name\":\"Plan de site - The Pillars Trust Fund\",\"isPartOf\":{\"@id\":\"https:\/\/www.pillarstrust.org\/fr\/#website\"},\"datePublished\":\"2018-10-19T18:52:42+00:00\",\"dateModified\":\"2023-10-10T17:29:00+00:00\",\"breadcrumb\":{\"@id\":\"https:\/\/www.pillarstrust.org\/fr\/plan-de-site\/#breadcrumb\"},\"inLanguage\":\"fr-CA\",\"potentialAction\":[{\"@type\":\"ReadAction\",\"target\":[\"https:\/\/www.pillarstrust.org\/fr\/plan-de-site\/\"]}]},{\"@type\":\"BreadcrumbList\",\"@id\":\"https:\/\/www.pillarstrust.org\/fr\/plan-de-site\/#breadcrumb\",\"itemListElement\":[{\"@type\":\"ListItem\",\"position\":1,\"name\":\"Accueil\",\"item\":\"https:\/\/www.pillarstrust.org\/fr\/\"},{\"@type\":\"ListItem\",\"position\":2,\"name\":\"Plan de site\"}]},{\"@type\":\"WebSite\",\"@id\":\"https:\/\/www.pillarstrust.org\/fr\/#website\",\"url\":\"https:\/\/www.pillarstrust.org\/fr\/\",\"name\":\"The Pillars Trust Fund\",\"description\":\"We Are Catholic Strong\",\"potentialAction\":[{\"@type\":\"SearchAction\",\"target\":{\"@type\":\"EntryPoint\",\"urlTemplate\":\"https:\/\/www.pillarstrust.org\/fr\/?s={search_term_string}\"},\"query-input\":{\"@type\":\"PropertyValueSpecification\",\"valueRequired\":true,\"valueName\":\"search_term_string\"}}],\"inLanguage\":\"fr-CA\"}]}<\/script>\n<!-- \/ Yoast SEO plugin. -->","yoast_head_json":{"title":"Plan de site - The Pillars Trust Fund","robots":{"index":"index","follow":"follow","max-snippet":"max-snippet:-1","max-image-preview":"max-image-preview:large","max-video-preview":"max-video-preview:-1"},"canonical":"https:\/\/www.pillarstrust.org\/fr\/plan-de-site\/","og_locale":"fr_CA","og_type":"article","og_title":"Plan de site - The Pillars Trust Fund","og_description":"[vc_row css_animation=\u00a0\u00bb\u00a0\u00bb row_type=\u00a0\u00bbrow\u00a0\u00bb use_row_as_full_screen_section=\u00a0\u00bbno\u00a0\u00bb type=\u00a0\u00bbfull_width\u00a0\u00bb angled_section=\u00a0\u00bbno\u00a0\u00bb text_align=\u00a0\u00bbleft\u00a0\u00bb background_image_as_pattern=\u00a0\u00bbwithout_pattern\u00a0\u00bb css=\u00a0\u00bb.vc_custom_1539960836790{padding-top: 20px !important;padding-bottom: 50px !important;}\u00a0\u00bb z_index=\u00a0\u00bb\u00a0\u00bb][vc_column][vc_column_text] [\/vc_column_text][\/vc_column][\/vc_row]","og_url":"https:\/\/www.pillarstrust.org\/fr\/plan-de-site\/","og_site_name":"The Pillars Trust Fund","article_modified_time":"2023-10-10T17:29:00+00:00","twitter_card":"summary_large_image","schema":{"@context":"https:\/\/schema.org","@graph":[{"@type":"WebPage","@id":"https:\/\/www.pillarstrust.org\/fr\/plan-de-site\/","url":"https:\/\/www.pillarstrust.org\/fr\/plan-de-site\/","name":"Plan de site - The Pillars Trust Fund","isPartOf":{"@id":"https:\/\/www.pillarstrust.org\/fr\/#website"},"datePublished":"2018-10-19T18:52:42+00:00","dateModified":"2023-10-10T17:29:00+00:00","breadcrumb":{"@id":"https:\/\/www.pillarstrust.org\/fr\/plan-de-site\/#breadcrumb"},"inLanguage":"fr-CA","potentialAction":[{"@type":"ReadAction","target":["https:\/\/www.pillarstrust.org\/fr\/plan-de-site\/"]}]},{"@type":"BreadcrumbList","@id":"https:\/\/www.pillarstrust.org\/fr\/plan-de-site\/#breadcrumb","itemListElement":[{"@type":"ListItem","position":1,"name":"Accueil","item":"https:\/\/www.pillarstrust.org\/fr\/"},{"@type":"ListItem","position":2,"name":"Plan de site"}]},{"@type":"WebSite","@id":"https:\/\/www.pillarstrust.org\/fr\/#website","url":"https:\/\/www.pillarstrust.org\/fr\/","name":"The Pillars Trust Fund","description":"We Are Catholic Strong","potentialAction":[{"@type":"SearchAction","target":{"@type":"EntryPoint","urlTemplate":"https:\/\/www.pillarstrust.org\/fr\/?s={search_term_string}"},"query-input":{"@type":"PropertyValueSpecification","valueRequired":true,"valueName":"search_term_string"}}],"inLanguage":"fr-CA"}]}},"_links":{"self":[{"href":"https:\/\/www.pillarstrust.org\/fr\/wp-json\/wp\/v2\/pages\/1442","targetHints":{"allow":["GET"]}}],"collection":[{"href":"https:\/\/www.pillarstrust.org\/fr\/wp-json\/wp\/v2\/pages"}],"about":[{"href":"https:\/\/www.pillarstrust.org\/fr\/wp-json\/wp\/v2\/types\/page"}],"author":[{"embeddable":true,"href":"https:\/\/www.pillarstrust.org\/fr\/wp-json\/wp\/v2\/users\/2"}],"replies":[{"embeddable":true,"href":"https:\/\/www.pillarstrust.org\/fr\/wp-json\/wp\/v2\/comments?post=1442"}],"version-history":[{"count":2,"href":"https:\/\/www.pillarstrust.org\/fr\/wp-json\/wp\/v2\/pages\/1442\/revisions"}],"predecessor-version":[{"id":1444,"href":"https:\/\/www.pillarstrust.org\/fr\/wp-json\/wp\/v2\/pages\/1442\/revisions\/1444"}],"wp:attachment":[{"href":"https:\/\/www.pillarstrust.org\/fr\/wp-json\/wp\/v2\/media?parent=1442"}],"curies":[{"name":"wp","href":"https:\/\/api.w.org\/{rel}","templated":true}]}}